{"id":990,"date":"2016-06-22T01:33:14","date_gmt":"2016-06-22T00:33:14","guid":{"rendered":"https:\/\/the7.io\/construction\/?page_id=67"},"modified":"2021-05-11T13:11:59","modified_gmt":"2021-05-11T13:11:59","slug":"molde","status":"publish","type":"page","link":"https:\/\/inspectionsrodrigues.com\/fr\/services\/molde\/","title":{"rendered":"Moisissure"},"content":{"rendered":"<div class=\"wpb-content-wrapper\"><p>[vc_row type=&#8221;vc_default&#8221; css=&#8221;.vc_custom_1474268037787{margin-bottom: -30px !important;padding-bottom: 30px !important;}&#8221;][vc_column offset=&#8221;vc_col-lg-12 vc_col-md-12 vc_col-xs-12&#8243;]<style type=\"text\/css\" data-type=\"the7_shortcodes-inline-css\">.shortcode-single-image-wrap.shortcode-single-image-3a1d0d3e4db3ac7997e26ca9dc32fa52.enable-bg-rollover .rollover i,\n.shortcode-single-image-wrap.shortcode-single-image-3a1d0d3e4db3ac7997e26ca9dc32fa52.enable-bg-rollover .rollover-video i {\n  background: -webkit-linear-gradient();\n  background: linear-gradient();\n}\n.shortcode-single-image-wrap.shortcode-single-image-3a1d0d3e4db3ac7997e26ca9dc32fa52 .rollover-icon {\n  font-size: 32px;\n  color: #ffffff;\n  min-width: 44px;\n  min-height: 44px;\n  line-height: 44px;\n  border-radius: 100px;\n  border-style: solid;\n  border-width: 0px;\n}\n.dt-icon-bg-on.shortcode-single-image-wrap.shortcode-single-image-3a1d0d3e4db3ac7997e26ca9dc32fa52 .rollover-icon {\n  background: rgba(255,255,255,0.3);\n  box-shadow: none;\n}<\/style><div class=\"shortcode-single-image-wrap shortcode-single-image-3a1d0d3e4db3ac7997e26ca9dc32fa52 alignnone  vc_custom_1543416788520 enable-bg-rollover dt-icon-bg-off\" ><div class=\"shortcode-single-image\"><div class=\"fancy-media-wrap  layzr-bg\" style=\"\"><img fetchpriority=\"high\" decoding=\"async\" class=\"preload-me lazy-load aspect\" src=\"data:image\/svg+xml,%3Csvg%20xmlns%3D&#39;http%3A%2F%2Fwww.w3.org%2F2000%2Fsvg&#39;%20viewBox%3D&#39;0%200%20825%20412&#39;%2F%3E\" data-src=\"https:\/\/inspectionsrodrigues.com\/fr\/wp-content\/uploads\/2018\/11\/air-mold-inspections-min.jpg\" data-srcset=\"https:\/\/inspectionsrodrigues.com\/fr\/wp-content\/uploads\/2018\/11\/air-mold-inspections-min.jpg 825w\" loading=\"eager\" sizes=\"(max-width: 825px) 100vw, 825px\" width=\"825\" height=\"412\"  data-dt-location=\"https:\/\/inspectionsrodrigues.com\/fr\/services\/molde\/air-mold-inspections-min\/\" style=\"--ratio: 825 \/ 412;\" alt=\"\" \/><\/div><\/div><\/div><div id=\"ultimate-heading-692169ef5ceb9fb2d\" class=\"uvc-heading ult-adjust-bottom-margin ultimate-heading-692169ef5ceb9fb2d uvc-1779 accent-border-color\" data-hspacer=\"line_only\"  data-halign=\"left\" style=\"text-align:left\"><div class=\"uvc-main-heading ult-responsive\"  data-ultimate-target='.uvc-heading.ultimate-heading-692169ef5ceb9fb2d h2'  data-responsive-json-new='{\"font-size\":\"desktop:26px;\",\"line-height\":\"desktop:36px;\"}' ><h2 style=\"font-weight:bold;\">Analyse de la qualit\u00e9 de l'air par des inspecteurs certifi\u00e9s ASHI<\/h2><\/div><div class=\"uvc-heading-spacer line_only\" style=\"margin-top:15px;margin-bottom:30px;height:4px;\"><span class=\"uvc-headings-line\" style=\"border-style:solid;border-bottom-width:4px;border-color:;width:50px;\"><\/span><\/div><\/div>[vc_column_text css=&#8221;.vc_custom_1556300226837{padding-bottom: 60px !important;}&#8221;]<blockquote class=\"text-big shortcode-blockquote\"><p>\u201cNous vous disons ce qui ne fonctionne pas, la raison et ce que cela implique.\u201d \u2013 Joe Rodrigues<\/p>\n<\/blockquote><\/p>\n<p>Jos Rodrigues offre des services d\u2019inspection aux acheteurs de maison du Qu\u00e9bec depuis 1987. Notre approche pragmatique nous d\u00e9marque de la concurrence. Nous \u00e9valuons non seulement le potentiel de votre propri\u00e9t\u00e9, nous vous \u00e9duquons \u00e9galement de mani\u00e8re \u00e0 ce que vous ayez une excellente compr\u00e9hension de la maison que vous achetez. Nos activit\u00e9s proviennent en grande partie des recommandations. La satisfaction de notre client\u00e8le est notre plus important outil de commercialisation.<\/p>\n<p>Personne ne veut h\u00e9riter d\u2019un gouffre financier. La d\u00e9cision d\u2019acheter une maison se prend dans les cinq (5) premi\u00e8res minutes de la visite initiale. Une visite dure normalement entre 15 \u00e0 20 minutes. Le r\u00f4le d\u2019un inspecteur de b\u00e2timent consiste \u00e0 \u00e9valuer l\u2019investissement \u00e9ventuel d\u2019un acheteur. L\u2019inspection a pour but de trouver autant de d\u00e9fauts apparents que possible de mani\u00e8re \u00e0 vous permettre de prendre une d\u00e9cision avis\u00e9e. Nous voulons \u00e9liminer autant que possible l\u2019aspect \u00e9motif de l\u2019\u00e9quation d\u2019achat. Il en d\u00e9coule une \u00e9valuation critique logique qui :<\/p>\n<ul class=\"standard-arrow list-divider\">\n<li><p>accro\u00eet la s\u00e9curit\u00e9 financi\u00e8re;<\/p>\n<\/li>\n<li><p>procure la tranquillit\u00e9 d\u2019esprit;<\/p>\n<\/li>\n<li><p>r\u00e9duit les risques;<\/p>\n<\/li>\n<li><p>minimise les d\u00e9penses.<\/p>\n<\/li>\n<p><\/ul>[\/vc_column_text][\/vc_column][\/vc_row][vc_row][vc_column]<div id=\"ultimate-heading-382769ef5ceb9fd7e\" class=\"uvc-heading ult-adjust-bottom-margin ultimate-heading-382769ef5ceb9fd7e uvc-8660 accent-border-color\" data-hspacer=\"line_only\"  data-halign=\"left\" style=\"text-align:left\"><div class=\"uvc-main-heading ult-responsive\"  data-ultimate-target='.uvc-heading.ultimate-heading-382769ef5ceb9fd7e h3'  data-responsive-json-new='{\"font-size\":\"desktop:26px;\",\"line-height\":\"desktop:36px;\"}' ><h3 style=\"font-weight:bold;\">Rapport d\u2019inspection domiciliaire<\/h3><\/div><div class=\"uvc-heading-spacer line_only\" style=\"margin-top:15px;margin-bottom:30px;height:4px;\"><span class=\"uvc-headings-line\" style=\"border-style:solid;border-bottom-width:4px;border-color:;width:50px;\"><\/span><\/div><\/div>[vc_column_text]Nous voulons que vous soyez pr\u00e9sent afin que nous puissions vous remettre un rapport \u00e9crit et vous offrir un examen verbal et visuel \u00e0 la fin de l\u2019inspection. Le fait de simplement lire \u00e0 propos des probl\u00e8mes ne v\u00e9hicule pas correctement la gravit\u00e9 et les implications de ce que nous avons identifi\u00e9.<\/p>\n<ul>\n<li>R\u00e9parations importantes imm\u00e9diates : fissures dans la fondation, probl\u00e8mes \u00e9lectriques, fuites d\u2019eau sur le toit, probl\u00e8mes du syst\u00e8me de chauffage, plomberie qui fuit, probl\u00e8mes structurels, etc.<\/li>\n<li>Entretien : nous discutons avec vous ces articles dont vous avez besoin pour maintenir votre maison en bon \u00e9tat.<\/li>\n<li>R\u00e9novations et r\u00e9parations \u00e0 venir : nous vous avertissons \u00e0 propos de ces points majeurs ou mineurs et qui peuvent endommager votre maison \u00e0 long terme.<\/li>\n<\/ul>\n<p>[\/vc_column_text][\/vc_column][\/vc_row]<\/p>\n<\/div>","protected":false},"excerpt":{"rendered":"<p>[vc_row type=&#8221;vc_default&#8221; css=&#8221;.vc_custom_1474268037787{margin-bottom: -30px !important;padding-bottom: 30px !important;}&#8221;][vc_column offset=&#8221;vc_col-lg-12 vc_col-md-12 vc_col-xs-12&#8243;][vc_column_text css=&#8221;.vc_custom_1556300226837{padding-bottom: 60px !important;}&#8221;] Jos Rodrigues offre des services d\u2019inspection aux acheteurs de maison du Qu\u00e9bec depuis 1987. Notre approche pragmatique nous d\u00e9marque de la concurrence. Nous \u00e9valuons non seulement le potentiel de votre propri\u00e9t\u00e9, nous vous \u00e9duquons \u00e9galement de mani\u00e8re \u00e0 ce que vous ayez&hellip;<\/p>\n","protected":false},"author":1,"featured_media":0,"parent":27,"menu_order":0,"comment_status":"closed","ping_status":"closed","template":"","meta":{"footnotes":""},"class_list":["post-990","page","type-page","status-publish","hentry","description-off"],"_links":{"self":[{"href":"https:\/\/inspectionsrodrigues.com\/fr\/wp-json\/wp\/v2\/pages\/990","targetHints":{"allow":["GET"]}}],"collection":[{"href":"https:\/\/inspectionsrodrigues.com\/fr\/wp-json\/wp\/v2\/pages"}],"about":[{"href":"https:\/\/inspectionsrodrigues.com\/fr\/wp-json\/wp\/v2\/types\/page"}],"author":[{"embeddable":true,"href":"https:\/\/inspectionsrodrigues.com\/fr\/wp-json\/wp\/v2\/users\/1"}],"replies":[{"embeddable":true,"href":"https:\/\/inspectionsrodrigues.com\/fr\/wp-json\/wp\/v2\/comments?post=990"}],"version-history":[{"count":0,"href":"https:\/\/inspectionsrodrigues.com\/fr\/wp-json\/wp\/v2\/pages\/990\/revisions"}],"up":[{"embeddable":true,"href":"https:\/\/inspectionsrodrigues.com\/fr\/wp-json\/wp\/v2\/pages\/27"}],"wp:attachment":[{"href":"https:\/\/inspectionsrodrigues.com\/fr\/wp-json\/wp\/v2\/media?parent=990"}],"curies":[{"name":"wp","href":"https:\/\/api.w.org\/{rel}","templated":true}]}}