{"id":988,"date":"2016-06-22T01:33:14","date_gmt":"2016-06-22T00:33:14","guid":{"rendered":"https:\/\/the7.io\/construction\/?page_id=67"},"modified":"2019-04-26T18:29:48","modified_gmt":"2019-04-26T18:29:48","slug":"drain-inspections","status":"publish","type":"page","link":"https:\/\/inspectionsrodrigues.com\/fr\/services\/drain-inspections\/","title":{"rendered":"Drain"},"content":{"rendered":"<div class=\"wpb-content-wrapper\"><p>[vc_row type=&#8221;vc_default&#8221; css=&#8221;.vc_custom_1474268037787{margin-bottom: -30px !important;padding-bottom: 30px !important;}&#8221;][vc_column offset=&#8221;vc_col-lg-12 vc_col-md-12 vc_col-xs-12&#8243;]<style type=\"text\/css\" data-type=\"the7_shortcodes-inline-css\">.shortcode-single-image-wrap.shortcode-single-image-35f954850a771db04c4f801a13f39cb4.enable-bg-rollover .rollover i,\n.shortcode-single-image-wrap.shortcode-single-image-35f954850a771db04c4f801a13f39cb4.enable-bg-rollover .rollover-video i {\n  background: ;\n  background: -webkit-linear-gradient();\n  background: linear-gradient();\n}\n.shortcode-single-image-wrap.shortcode-single-image-35f954850a771db04c4f801a13f39cb4 .rollover-icon {\n  font-size: 32px;\n  color: #ffffff;\n  min-width: 44px;\n  min-height: 44px;\n  line-height: 44px;\n  border-radius: 100px;\n  border-style: solid;\n  border-width: 0px;\n}\n.dt-icon-bg-on.shortcode-single-image-wrap.shortcode-single-image-35f954850a771db04c4f801a13f39cb4 .rollover-icon {\n  background: rgba(255,255,255,0.3);\n  -webkit-box-shadow: none;\n  box-shadow: none;\n}<\/style><div class=\"shortcode-single-image-wrap shortcode-single-image-35f954850a771db04c4f801a13f39cb4 alignnone  vc_custom_1543416261963 enable-bg-rollover dt-icon-bg-off\" ><div class=\"shortcode-single-image\"><div class=\"fancy-media-wrap  layzr-bg\" style=\"\"><img fetchpriority=\"high\" decoding=\"async\" class=\"preload-me lazy-load aspect\" src=\"data:image\/svg+xml,%3Csvg%20xmlns%3D&#39;http%3A%2F%2Fwww.w3.org%2F2000%2Fsvg&#39;%20viewBox%3D&#39;0%200%20825%20413&#39;%2F%3E\" data-src=\"https:\/\/inspectionsrodrigues.com\/fr\/wp-content\/uploads\/2018\/11\/drain-sewer-inspections-min.jpg\" data-srcset=\"https:\/\/inspectionsrodrigues.com\/fr\/wp-content\/uploads\/2018\/11\/drain-sewer-inspections-min.jpg 825w\" loading=\"eager\" sizes=\"(max-width: 825px) 100vw, 825px\" width=\"825\" height=\"413\"  data-dt-location=\"https:\/\/inspectionsrodrigues.com\/fr\/services\/drain-inspections\/drain-sewer-inspections-min\/\" style=\"--ratio: 825 \/ 413;\" alt=\"\" \/><\/div><\/div><\/div>[\/vc_column][vc_column width=&#8221;1\/2&#8243;]<style type=\"text\/css\" data-type=\"the7_shortcodes-inline-css\">.shortcode-single-image-wrap.shortcode-single-image-20164c7d76e6af17598d6a7e6a1b54bf.enable-bg-rollover .rollover i,\n.shortcode-single-image-wrap.shortcode-single-image-20164c7d76e6af17598d6a7e6a1b54bf.enable-bg-rollover .rollover-video i {\n  background: ;\n  background: -webkit-linear-gradient();\n  background: linear-gradient();\n}\n.shortcode-single-image-wrap.shortcode-single-image-20164c7d76e6af17598d6a7e6a1b54bf .rollover-icon {\n  font-size: 32px;\n  color: #ffffff;\n  min-width: 44px;\n  min-height: 44px;\n  line-height: 44px;\n  border-radius: 100px;\n  border-style: solid;\n  border-width: 0px;\n}\n.dt-icon-bg-on.shortcode-single-image-wrap.shortcode-single-image-20164c7d76e6af17598d6a7e6a1b54bf .rollover-icon {\n  background: rgba(255,255,255,0.3);\n  -webkit-box-shadow: none;\n  box-shadow: none;\n}<\/style><div class=\"shortcode-single-image-wrap shortcode-single-image-20164c7d76e6af17598d6a7e6a1b54bf alignnone  enable-bg-rollover dt-icon-bg-off\" style=\"margin-top:0px; margin-bottom:0px; margin-left:0px; margin-right:0px; width:100px;\"><div class=\"shortcode-single-image\"><div class=\"fancy-media-wrap  layzr-bg\" style=\"\"><img decoding=\"async\" class=\"preload-me lazy-load aspect\" src=\"data:image\/svg+xml,%3Csvg%20xmlns%3D&#39;http%3A%2F%2Fwww.w3.org%2F2000%2Fsvg&#39;%20viewBox%3D&#39;0%200%20100%20100&#39;%2F%3E\" data-src=\"https:\/\/inspectionsrodrigues.com\/fr\/wp-content\/uploads\/2018\/11\/Sewer-Line-Inspections-min-100x100.png\" data-srcset=\"https:\/\/inspectionsrodrigues.com\/fr\/wp-content\/uploads\/2018\/11\/Sewer-Line-Inspections-min-100x100.png 100w, https:\/\/inspectionsrodrigues.com\/fr\/wp-content\/uploads\/2018\/11\/Sewer-Line-Inspections-min-200x200.png 200w\" loading=\"eager\" sizes=\"(max-width: 100px) 100vw, 100px\" width=\"100\" height=\"100\"  data-dt-location=\"https:\/\/inspectionsrodrigues.com\/fr\/services\/drain-inspections\/sewer-line-inspections-min\/\" style=\"--ratio: 100 \/ 100;\" alt=\"\" \/><\/div><\/div><\/div><div id=\"ultimate-heading-858769ef5e6850a5b\" class=\"uvc-heading ult-adjust-bottom-margin ultimate-heading-858769ef5e6850a5b uvc-6581  uvc-heading-default-font-sizes\" data-hspacer=\"no_spacer\"  data-halign=\"center\" style=\"text-align:center\"><div class=\"uvc-heading-spacer no_spacer\" style=\"top\"><\/div><div class=\"uvc-main-heading ult-responsive\"  data-ultimate-target='.uvc-heading.ultimate-heading-858769ef5e6850a5b h3'  data-responsive-json-new='{\"font-size\":\"\",\"line-height\":\"\"}' ><h3 style=\"--font-weight:theme;margin-top:30px;\">Inspection des canalisations d'\u00e9gout<\/h3><\/div><\/div>[vc_column_text css=&#8221;.vc_custom_1556302512279{padding-top: 20px !important;}&#8221;]<\/p>\n<p style=\"text-align: center;\">Notre inspecteur ouvre l&#8217;eau puis ins\u00e8re une petite cam\u00e9ra vid\u00e9o attach\u00e9e \u00e0 un serpent dans un nettoyage. La cam\u00e9ra d\u2019inspection visuelle CCTV Wohler VIS-250 \u00abserpente\u00bb de la canalisation d\u2019\u00e9gout, ce qui permet \u00e0 l\u2019inspecteur de regarder en temps r\u00e9el sur un petit moniteur. Tous les d\u00e9bris, racines ou tuyaux endommag\u00e9s sont dans la vid\u00e9o finale envoy\u00e9e par courrier \u00e9lectronique au client.<\/p>\n<p>[\/vc_column_text]<style type=\"text\/css\" data-type=\"the7_shortcodes-inline-css\">.shortcode-single-image-wrap.shortcode-single-image-a63adc911ef557c15e85202ef56a53ba.enable-bg-rollover .rollover i,\n.shortcode-single-image-wrap.shortcode-single-image-a63adc911ef557c15e85202ef56a53ba.enable-bg-rollover .rollover-video i {\n  background: ;\n  background: -webkit-linear-gradient();\n  background: linear-gradient();\n}\n.shortcode-single-image-wrap.shortcode-single-image-a63adc911ef557c15e85202ef56a53ba .rollover-icon {\n  font-size: 32px;\n  color: #ffffff;\n  min-width: 44px;\n  min-height: 44px;\n  line-height: 44px;\n  border-radius: 100px;\n  border-style: solid;\n  border-width: 0px;\n}\n.dt-icon-bg-on.shortcode-single-image-wrap.shortcode-single-image-a63adc911ef557c15e85202ef56a53ba .rollover-icon {\n  background: rgba(255,255,255,0.3);\n  -webkit-box-shadow: none;\n  box-shadow: none;\n}<\/style><div class=\"shortcode-single-image-wrap shortcode-single-image-a63adc911ef557c15e85202ef56a53ba alignnone  vc_custom_1543417346293 enable-bg-rollover dt-icon-bg-off\" ><div class=\"shortcode-single-image\"><div class=\"fancy-media-wrap  layzr-bg\" style=\"\"><img decoding=\"async\" class=\"preload-me lazy-load aspect\" src=\"data:image\/svg+xml,%3Csvg%20xmlns%3D&#39;http%3A%2F%2Fwww.w3.org%2F2000%2Fsvg&#39;%20viewBox%3D&#39;0%200%20100%20100&#39;%2F%3E\" data-src=\"https:\/\/inspectionsrodrigues.com\/fr\/wp-content\/uploads\/2018\/11\/Broken-Sewer-Line-min-100x100.png\" data-srcset=\"https:\/\/inspectionsrodrigues.com\/fr\/wp-content\/uploads\/2018\/11\/Broken-Sewer-Line-min-100x100.png 100w, https:\/\/inspectionsrodrigues.com\/fr\/wp-content\/uploads\/2018\/11\/Broken-Sewer-Line-min-200x200.png 200w\" loading=\"eager\" sizes=\"(max-width: 100px) 100vw, 100px\" width=\"100\" height=\"100\"  data-dt-location=\"https:\/\/inspectionsrodrigues.com\/fr\/services\/drain-inspections\/broken-sewer-line-min\/\" style=\"--ratio: 100 \/ 100;\" alt=\"\" \/><\/div><\/div><\/div><div id=\"ultimate-heading-839369ef5e68510d0\" class=\"uvc-heading ult-adjust-bottom-margin ultimate-heading-839369ef5e68510d0 uvc-281  uvc-heading-default-font-sizes\" data-hspacer=\"no_spacer\"  data-halign=\"center\" style=\"text-align:center\"><div class=\"uvc-heading-spacer no_spacer\" style=\"top\"><\/div><div class=\"uvc-main-heading ult-responsive\"  data-ultimate-target='.uvc-heading.ultimate-heading-839369ef5e68510d0 h3'  data-responsive-json-new='{\"font-size\":\"\",\"line-height\":\"\"}' ><h3 style=\"--font-weight:theme;margin-top:30px;\">Ligne d'\u00e9gout cass\u00e9e<\/h3><\/div><\/div>[vc_column_text css=&#8221;.vc_custom_1556302709911{padding-top: 20px !important;}&#8221;]<\/p>\n<p style=\"text-align: center;\">Un autre \u00abvice cach\u00e9\u00bb courant est constitu\u00e9 par les tuyaux fissur\u00e9s ou endommag\u00e9s par le d\u00e9placement de la terre. Les t\u00e9moins courants sont des tuyaux de vidange bouch\u00e9s qui prennent une longue p\u00e9riode pour se vider. Rien ne dure \u00e9ternellement, et les canalisations d&#8217;\u00e9gout en argile ou en acier ne font pas exception. Plus les conduites sont anciennes, plus elles sont susceptibles d&#8217;avoir des probl\u00e8mes.<\/p>\n<p>[\/vc_column_text][\/vc_column][vc_column width=&#8221;1\/2&#8243;]<style type=\"text\/css\" data-type=\"the7_shortcodes-inline-css\">.shortcode-single-image-wrap.shortcode-single-image-6154745b7e33534388cdb4406c283cd9.enable-bg-rollover .rollover i,\n.shortcode-single-image-wrap.shortcode-single-image-6154745b7e33534388cdb4406c283cd9.enable-bg-rollover .rollover-video i {\n  background: ;\n  background: -webkit-linear-gradient();\n  background: linear-gradient();\n}\n.shortcode-single-image-wrap.shortcode-single-image-6154745b7e33534388cdb4406c283cd9 .rollover-icon {\n  font-size: 32px;\n  color: #ffffff;\n  min-width: 44px;\n  min-height: 44px;\n  line-height: 44px;\n  border-radius: 100px;\n  border-style: solid;\n  border-width: 0px;\n}\n.dt-icon-bg-on.shortcode-single-image-wrap.shortcode-single-image-6154745b7e33534388cdb4406c283cd9 .rollover-icon {\n  background: rgba(255,255,255,0.3);\n  -webkit-box-shadow: none;\n  box-shadow: none;\n}<\/style><div class=\"shortcode-single-image-wrap shortcode-single-image-6154745b7e33534388cdb4406c283cd9 alignnone  enable-bg-rollover dt-icon-bg-off\" style=\"margin-top:0px; margin-bottom:0px; margin-left:0px; margin-right:0px; width:100px;\"><div class=\"shortcode-single-image\"><div class=\"fancy-media-wrap  layzr-bg\" style=\"\"><img decoding=\"async\" class=\"preload-me lazy-load aspect\" src=\"data:image\/svg+xml,%3Csvg%20xmlns%3D&#39;http%3A%2F%2Fwww.w3.org%2F2000%2Fsvg&#39;%20viewBox%3D&#39;0%200%20100%20100&#39;%2F%3E\" data-src=\"https:\/\/inspectionsrodrigues.com\/fr\/wp-content\/uploads\/2018\/11\/Tree-Roots-in-Main-Drain-min-100x100.png\" data-srcset=\"https:\/\/inspectionsrodrigues.com\/fr\/wp-content\/uploads\/2018\/11\/Tree-Roots-in-Main-Drain-min-100x100.png 100w, https:\/\/inspectionsrodrigues.com\/fr\/wp-content\/uploads\/2018\/11\/Tree-Roots-in-Main-Drain-min-200x200.png 200w\" loading=\"eager\" sizes=\"(max-width: 100px) 100vw, 100px\" width=\"100\" height=\"100\"  data-dt-location=\"https:\/\/inspectionsrodrigues.com\/fr\/services\/drain-inspections\/tree-roots-in-main-drain-min\/\" style=\"--ratio: 100 \/ 100;\" alt=\"\" \/><\/div><\/div><\/div><div id=\"ultimate-heading-901469ef5e68517de\" class=\"uvc-heading ult-adjust-bottom-margin ultimate-heading-901469ef5e68517de uvc-8921  uvc-heading-default-font-sizes\" data-hspacer=\"no_spacer\"  data-halign=\"center\" style=\"text-align:center\"><div class=\"uvc-heading-spacer no_spacer\" style=\"top\"><\/div><div class=\"uvc-main-heading ult-responsive\"  data-ultimate-target='.uvc-heading.ultimate-heading-901469ef5e68517de h3'  data-responsive-json-new='{\"font-size\":\"\",\"line-height\":\"\"}' ><h3 style=\"--font-weight:theme;margin-top:30px;\">Racines d'arbres dans le drain principal<\/h3><\/div><\/div>[vc_column_text css=&#8221;.vc_custom_1556302632129{padding-top: 20px !important;}&#8221;]<\/p>\n<p style=\"text-align: center;\">Une inspection de la maison n&#8217;est pas compl\u00e8te sans une inspection par la cam\u00e9ra et des \u00e9gouts de la canalisation principale vers la ville. S&#8217;il y a des arbres sur une propri\u00e9t\u00e9 que vous \u00eates sur le point d&#8217;acheter, une inspection des canalisations d&#8217;\u00e9gout peut r\u00e9v\u00e9ler si des racines ont p\u00e9n\u00e9tr\u00e9 dans vos canalisations, vous \u00e9vitant ainsi des r\u00e9parations co\u00fbteuses pouvant \u00eatre n\u00e9goci\u00e9es dans le co\u00fbt de l&#8217;achat.<\/p>\n<p>[\/vc_column_text]<style type=\"text\/css\" data-type=\"the7_shortcodes-inline-css\">.shortcode-single-image-wrap.shortcode-single-image-343e85b9c5fbc1849b00437778c66299.enable-bg-rollover .rollover i,\n.shortcode-single-image-wrap.shortcode-single-image-343e85b9c5fbc1849b00437778c66299.enable-bg-rollover .rollover-video i {\n  background: ;\n  background: -webkit-linear-gradient();\n  background: linear-gradient();\n}\n.shortcode-single-image-wrap.shortcode-single-image-343e85b9c5fbc1849b00437778c66299 .rollover-icon {\n  font-size: 32px;\n  color: #ffffff;\n  min-width: 44px;\n  min-height: 44px;\n  line-height: 44px;\n  border-radius: 100px;\n  border-style: solid;\n  border-width: 0px;\n}\n.dt-icon-bg-on.shortcode-single-image-wrap.shortcode-single-image-343e85b9c5fbc1849b00437778c66299 .rollover-icon {\n  background: rgba(255,255,255,0.3);\n  -webkit-box-shadow: none;\n  box-shadow: none;\n}<\/style><div class=\"shortcode-single-image-wrap shortcode-single-image-343e85b9c5fbc1849b00437778c66299 alignnone  vc_custom_1543417372011 enable-bg-rollover dt-icon-bg-off\" ><div class=\"shortcode-single-image\"><div class=\"fancy-media-wrap  layzr-bg\" style=\"\"><img decoding=\"async\" class=\"preload-me lazy-load aspect\" src=\"data:image\/svg+xml,%3Csvg%20xmlns%3D&#39;http%3A%2F%2Fwww.w3.org%2F2000%2Fsvg&#39;%20viewBox%3D&#39;0%200%20100%20100&#39;%2F%3E\" data-src=\"https:\/\/inspectionsrodrigues.com\/fr\/wp-content\/uploads\/2018\/11\/Drain-Inspection-Montreal-min-100x100.png\" data-srcset=\"https:\/\/inspectionsrodrigues.com\/fr\/wp-content\/uploads\/2018\/11\/Drain-Inspection-Montreal-min-100x100.png 100w, https:\/\/inspectionsrodrigues.com\/fr\/wp-content\/uploads\/2018\/11\/Drain-Inspection-Montreal-min-200x200.png 200w\" loading=\"eager\" sizes=\"(max-width: 100px) 100vw, 100px\" width=\"100\" height=\"100\"  data-dt-location=\"https:\/\/inspectionsrodrigues.com\/fr\/services\/drain-inspections\/drain-inspection-montreal-min\/\" style=\"--ratio: 100 \/ 100;\" alt=\"\" \/><\/div><\/div><\/div><div id=\"ultimate-heading-913869ef5e6851f1b\" class=\"uvc-heading ult-adjust-bottom-margin ultimate-heading-913869ef5e6851f1b uvc-4603  uvc-heading-default-font-sizes\" data-hspacer=\"no_spacer\"  data-halign=\"center\" style=\"text-align:center\"><div class=\"uvc-heading-spacer no_spacer\" style=\"top\"><\/div><div class=\"uvc-main-heading ult-responsive\"  data-ultimate-target='.uvc-heading.ultimate-heading-913869ef5e6851f1b h3'  data-responsive-json-new='{\"font-size\":\"\",\"line-height\":\"\"}' ><h3 style=\"--font-weight:theme;margin-top:30px;\">Inspection de drain Montr\u00e9al<\/h3><\/div><\/div>[vc_column_text css=&#8221;.vc_custom_1556303182988{padding-top: 20px !important;}&#8221;]<\/p>\n<p style=\"text-align: center;\">Bloquage dans votre drain? Vous pourriez avoir besoin d&#8217;une inspection par cam\u00e9ra. Inspections Rodrigues dispose des outils et du mat\u00e9riel de cam\u00e9ra de vid\u00e9osurveillance n\u00e9cessaires pour identifier les probl\u00e8mes existants li\u00e9s \u00e0 vos conduites d&#8217;\u00e9gout. Nos inspecteurs fournissent des services d&#8217;inspection d&#8217;\u00e9gouts r\u00e9sidentiels dans les r\u00e9gions de Montr\u00e9al, de la Rive-Sud, de l&#8217;Ouest de l&#8217;\u00cele et de Laval.<\/p>\n<p>[\/vc_column_text][\/vc_column][\/vc_row][vc_row css=&#8221;.vc_custom_1543415688570{padding-top: 50px !important;}&#8221;][vc_column]<div id=\"ultimate-heading-32869ef5e6851f61\" class=\"uvc-heading ult-adjust-bottom-margin ultimate-heading-32869ef5e6851f61 uvc-3251 accent-border-color\" data-hspacer=\"line_only\"  data-halign=\"left\" style=\"text-align:left\"><div class=\"uvc-main-heading ult-responsive\"  data-ultimate-target='.uvc-heading.ultimate-heading-32869ef5e6851f61 h2'  data-responsive-json-new='{\"font-size\":\"desktop:26px;\",\"line-height\":\"desktop:36px;\"}' ><h2 style=\"font-weight:bold;\">Inspection de drain Montr\u00e9al<\/h2><\/div><div class=\"uvc-heading-spacer line_only\" style=\"margin-top:15px;margin-bottom:30px;height:4px;\"><span class=\"uvc-headings-line\" style=\"border-style:solid;border-bottom-width:4px;border-color:;width:50px;\"><\/span><\/div><\/div>[vc_column_text css=&#8221;.vc_custom_1556303385237{padding-bottom: 60px !important;}&#8221;]Lors de l&#8217;examen de votre propri\u00e9t\u00e9 r\u00e9sidentielle ou commerciale potentielle, une inspection des drain par cam\u00e9ra de vid\u00e9osurveillance est souvent n\u00e9glig\u00e9e. Si votre maison a 20 ans ou plus, nous vous recommandons d\u2019inspecter les drains afin de bien comprendre la maison que vous achetez. Depuis 1987, Inspections Rodrigues fournit aux Montr\u00e9alais des services d\u2019inspection de maisons. Appelez-nous au <a href=\"tel:5146306352\">(514) 630-6352<\/a> pour r\u00e9server votre inspection des drains et d&#8217;\u00e9gout.[\/vc_column_text][vc_raw_html]JTNDaWZyYW1lJTIwd2lkdGglM0QlMjI1NjAlMjIlMjBoZWlnaHQlM0QlMjIzMTUlMjIlMjBzcmMlM0QlMjJodHRwcyUzQSUyRiUyRnd3dy55b3V0dWJlLmNvbSUyRmVtYmVkJTJGYmtSLVoxOE1CQU0lMjIlMjBmcmFtZWJvcmRlciUzRCUyMjAlMjIlMjBhbGxvdyUzRCUyMmFjY2VsZXJvbWV0ZXIlM0IlMjBhdXRvcGxheSUzQiUyMGVuY3J5cHRlZC1tZWRpYSUzQiUyMGd5cm9zY29wZSUzQiUyMHBpY3R1cmUtaW4tcGljdHVyZSUyMiUyMGFsbG93ZnVsbHNjcmVlbiUzRSUzQyUyRmlmcmFtZSUzRQ==[\/vc_raw_html][\/vc_column][\/vc_row]<\/p>\n<\/div>","protected":false},"excerpt":{"rendered":"<p>[vc_row type=&#8221;vc_default&#8221; css=&#8221;.vc_custom_1474268037787{margin-bottom: -30px !important;padding-bottom: 30px !important;}&#8221;][vc_column offset=&#8221;vc_col-lg-12 vc_col-md-12 vc_col-xs-12&#8243;][\/vc_column][vc_column width=&#8221;1\/2&#8243;][vc_column_text css=&#8221;.vc_custom_1556302512279{padding-top: 20px !important;}&#8221;] Notre inspecteur ouvre l&#8217;eau puis ins\u00e8re une petite cam\u00e9ra vid\u00e9o attach\u00e9e \u00e0 un serpent dans un nettoyage. La cam\u00e9ra d\u2019inspection visuelle CCTV Wohler VIS-250 \u00abserpente\u00bb de la canalisation d\u2019\u00e9gout, ce qui permet \u00e0 l\u2019inspecteur de regarder en temps r\u00e9el sur un&hellip;<\/p>\n","protected":false},"author":1,"featured_media":0,"parent":27,"menu_order":0,"comment_status":"closed","ping_status":"closed","template":"","meta":{"footnotes":""},"class_list":["post-988","page","type-page","status-publish","hentry","description-off"],"_links":{"self":[{"href":"https:\/\/inspectionsrodrigues.com\/fr\/wp-json\/wp\/v2\/pages\/988","targetHints":{"allow":["GET"]}}],"collection":[{"href":"https:\/\/inspectionsrodrigues.com\/fr\/wp-json\/wp\/v2\/pages"}],"about":[{"href":"https:\/\/inspectionsrodrigues.com\/fr\/wp-json\/wp\/v2\/types\/page"}],"author":[{"embeddable":true,"href":"https:\/\/inspectionsrodrigues.com\/fr\/wp-json\/wp\/v2\/users\/1"}],"replies":[{"embeddable":true,"href":"https:\/\/inspectionsrodrigues.com\/fr\/wp-json\/wp\/v2\/comments?post=988"}],"version-history":[{"count":0,"href":"https:\/\/inspectionsrodrigues.com\/fr\/wp-json\/wp\/v2\/pages\/988\/revisions"}],"up":[{"embeddable":true,"href":"https:\/\/inspectionsrodrigues.com\/fr\/wp-json\/wp\/v2\/pages\/27"}],"wp:attachment":[{"href":"https:\/\/inspectionsrodrigues.com\/fr\/wp-json\/wp\/v2\/media?parent=988"}],"curies":[{"name":"wp","href":"https:\/\/api.w.org\/{rel}","templated":true}]}}