{"id":981,"date":"2016-06-22T01:33:14","date_gmt":"2016-06-22T00:33:14","guid":{"rendered":"https:\/\/the7.io\/construction\/?page_id=67"},"modified":"2020-12-16T14:26:20","modified_gmt":"2020-12-16T14:26:20","slug":"infrarouge","status":"publish","type":"page","link":"https:\/\/inspectionsrodrigues.com\/fr\/services\/infrarouge\/","title":{"rendered":"Infrarouge"},"content":{"rendered":"<div class=\"wpb-content-wrapper\"><p>[vc_row type=&#8221;vc_default&#8221; css=&#8221;.vc_custom_1474268037787{margin-bottom: -30px !important;padding-bottom: 30px !important;}&#8221;][vc_column offset=&#8221;vc_col-lg-12 vc_col-md-12 vc_col-xs-12&#8243;]<style type=\"text\/css\" data-type=\"the7_shortcodes-inline-css\">.shortcode-single-image-wrap.shortcode-single-image-a1817442261081ae10863349c765f312.enable-bg-rollover .rollover i,\n.shortcode-single-image-wrap.shortcode-single-image-a1817442261081ae10863349c765f312.enable-bg-rollover .rollover-video i {\n  background: -webkit-linear-gradient();\n  background: linear-gradient();\n}\n.shortcode-single-image-wrap.shortcode-single-image-a1817442261081ae10863349c765f312 .rollover-icon {\n  font-size: 32px;\n  color: #ffffff;\n  min-width: 44px;\n  min-height: 44px;\n  line-height: 44px;\n  border-radius: 100px;\n  border-style: solid;\n  border-width: 0px;\n}\n.dt-icon-bg-on.shortcode-single-image-wrap.shortcode-single-image-a1817442261081ae10863349c765f312 .rollover-icon {\n  background: rgba(255,255,255,0.3);\n  box-shadow: none;\n}<\/style><div class=\"shortcode-single-image-wrap shortcode-single-image-a1817442261081ae10863349c765f312 alignnone  vc_custom_1543404823672 enable-bg-rollover dt-icon-bg-off\" ><div class=\"shortcode-single-image\"><div class=\"fancy-media-wrap  layzr-bg\" style=\"\"><img fetchpriority=\"high\" decoding=\"async\" class=\"preload-me lazy-load aspect\" src=\"data:image\/svg+xml,%3Csvg%20xmlns%3D&#39;http%3A%2F%2Fwww.w3.org%2F2000%2Fsvg&#39;%20viewBox%3D&#39;0%200%20825%20413&#39;%2F%3E\" data-src=\"https:\/\/inspectionsrodrigues.com\/fr\/wp-content\/uploads\/2018\/11\/Montreal-Thermography-Inspections-min.jpg\" data-srcset=\"https:\/\/inspectionsrodrigues.com\/fr\/wp-content\/uploads\/2018\/11\/Montreal-Thermography-Inspections-min.jpg 825w\" loading=\"eager\" sizes=\"(max-width: 825px) 100vw, 825px\" width=\"825\" height=\"413\"  data-dt-location=\"https:\/\/inspectionsrodrigues.com\/fr\/services\/infrarouge\/montreal-thermography-inspections-min\/\" style=\"--ratio: 825 \/ 413;\" alt=\"\" \/><\/div><\/div><\/div><div id=\"ultimate-heading-399469ef5e5a220e7\" class=\"uvc-heading ult-adjust-bottom-margin ultimate-heading-399469ef5e5a220e7 uvc-933 accent-border-color\" data-hspacer=\"line_only\"  data-halign=\"left\" style=\"text-align:left\"><div class=\"uvc-main-heading ult-responsive\"  data-ultimate-target='.uvc-heading.ultimate-heading-399469ef5e5a220e7 h2'  data-responsive-json-new='{\"font-size\":\"desktop:26px;\",\"line-height\":\"desktop:36px;\"}' ><h2 style=\"font-weight:bold;\">Inspections thermographiques \u00e0 l'infrarouge<\/h2><\/div><div class=\"uvc-heading-spacer line_only\" style=\"margin-top:15px;margin-bottom:30px;height:4px;\"><span class=\"uvc-headings-line\" style=\"border-style:solid;border-bottom-width:4px;border-color:;width:50px;\"><\/span><\/div><\/div>[vc_column_text css=&#8221;.vc_custom_1544182597015{padding-bottom: 60px !important;}&#8221;]<\/p>\n<h3>Inspecter avec une cam\u00e9ra infrarouge augmente consid\u00e9rablement une inspection visuelle \u00e0 domicile, dans un \u00e9difice commercial ou industriel ou un complexe de copropri\u00e9t\u00e9s.<\/h3>\n<p>La thermographie peut d\u00e9tecter de tr\u00e8s petites variations de temp\u00e9rature. Des thermographistes comp\u00e9tents et form\u00e9s interpr\u00e8tent ces variations de temp\u00e9rature et vous informent de ce qui est possiblement incorrect et non visible \u00e0 l&#8217;\u0153il humain. Inspections Rodrigues Inc. poss\u00e8dent l&#8217;exp\u00e9rience et l&#8217;expertise pour utiliser cette technologie comme il se doit. Nous comprenons la thermodynamique, les propri\u00e9t\u00e9s du mat\u00e9riel et les bonnes conditions de d\u00e9tection. Nous utilisons l\u2019\u00e9quipement le plus perfectionn\u00e9 pour obtenir les meilleurs r\u00e9sultats.<\/p>\n<p>Nos inspecteurs sont des sp\u00e9cialistes certifi\u00e9s en thermographie.<br \/>\nNous avons satisfait aux exigences \u00e9ducationnelles de l&#8217;ASNT TC-1A T\/IR, niveau 1, et obtenu la certification InterNachi.<\/p>\n<h3>Complexes commerciaux, industriels et de copropri\u00e9t\u00e9s<\/h3>\n<p>Quatre types d&#8217;inspection disponibles:<\/p>\n<ul>\n<li>Inspections des toits<\/li>\n<li>Inspections \u00c9lectriques<\/li>\n<li>Inspections M\u00e9caniques<\/li>\n<li>Inspections de l&#8217;enveloppe du b\u00e2timent<\/li>\n<\/ul>\n<p>[\/vc_column_text][\/vc_column][\/vc_row][vc_row][vc_column]<div id=\"ultimate-heading-494269ef5e5a22140\" class=\"uvc-heading ult-adjust-bottom-margin ultimate-heading-494269ef5e5a22140 uvc-4253 accent-border-color\" data-hspacer=\"line_only\"  data-halign=\"left\" style=\"text-align:left\"><div class=\"uvc-main-heading ult-responsive\"  data-ultimate-target='.uvc-heading.ultimate-heading-494269ef5e5a22140 h2'  data-responsive-json-new='{\"font-size\":\"desktop:26px;\",\"line-height\":\"desktop:36px;\"}' ><h2 style=\"font-weight:bold;\">Inspections thermographiques sur le toit des b\u00e2timents commerciaux \/ industriels<\/h2><\/div><div class=\"uvc-heading-spacer line_only\" style=\"margin-top:15px;margin-bottom:30px;height:4px;\"><span class=\"uvc-headings-line\" style=\"border-style:solid;border-bottom-width:4px;border-color:;width:50px;\"><\/span><\/div><\/div>[\/vc_column][\/vc_row][vc_row css=&#8221;.vc_custom_1543411365114{padding-bottom: 50px !important;}&#8221;][vc_column][vc_column_text]<\/p>\n<h3>Normes ASTM C1153<\/h3>\n<p><img loading=\"lazy\" decoding=\"async\" class=\"alignleft size-full wp-image-1098\" src=\"https:\/\/inspectionsrodrigues.com\/wp-content\/uploads\/2018\/11\/commercial-roof-inspection-min.jpg\" alt=\"\" width=\"268\" height=\"169\" \/><img loading=\"lazy\" decoding=\"async\" class=\"alignright size-full wp-image-1099\" src=\"https:\/\/inspectionsrodrigues.com\/wp-content\/uploads\/2018\/11\/roof-cost-min.jpg\" alt=\"\" width=\"270\" height=\"218\" \/>Les inspections thermographiques \u00e0 l&#8217;expiration de la garantie peuvent aider les entreprises \u00e0 se prot\u00e9ger contre des probl\u00e8mes majeurs pouvant entra\u00eener des temps d&#8217;arr\u00eat et des difficult\u00e9s financi\u00e8res. Inspections Rodrigues Inc. fournissent des services de thermographie commerciale \u00e0 Montr\u00e9al, Laval, l&#8217;Ouest de l&#8217;\u00cele et la Rive-Sud.<\/p>\n<p>Les toits de grande surface peuvent \u00eatre retouch\u00e9s pour ainsi prolonger leur vie et leur remplacement. La thermographie peut d\u00e9tecter facilement les endroits du toit o\u00f9 il y a des fruits qu&#8217;on ne peut pas apercevoir \u00e0 l&#8217;\u0153il. Si elles sont d\u00e9tect\u00e9es assez t\u00f4t, le toit peut \u00eatre r\u00e9par\u00e9. Une inspection p\u00e9riodique du toit peut \u00eatre effectu\u00e9e dans le cadre d&#8217;un programme d&#8217;entretien int\u00e9gral. Nus respectons les normes ASTM c1153.[\/vc_column_text][\/vc_column][\/vc_row][vc_row][vc_column]<div id=\"ultimate-heading-188369ef5e5a22172\" class=\"uvc-heading ult-adjust-bottom-margin ultimate-heading-188369ef5e5a22172 uvc-5806 accent-border-color\" data-hspacer=\"line_only\"  data-halign=\"left\" style=\"text-align:left\"><div class=\"uvc-main-heading ult-responsive\"  data-ultimate-target='.uvc-heading.ultimate-heading-188369ef5e5a22172 h2'  data-responsive-json-new='{\"font-size\":\"desktop:26px;\",\"line-height\":\"desktop:36px;\"}' ><h2 style=\"font-weight:bold;\">Inspections thermographiques \u00e9lectriques commerciales \/ industrielles \/ condos<\/h2><\/div><div class=\"uvc-heading-spacer line_only\" style=\"margin-top:15px;margin-bottom:30px;height:4px;\"><span class=\"uvc-headings-line\" style=\"border-style:solid;border-bottom-width:4px;border-color:;width:50px;\"><\/span><\/div><\/div>[\/vc_column][\/vc_row][vc_row css=&#8221;.vc_custom_1543410952389{padding-bottom: 50px !important;}&#8221;][vc_column][vc_column_text]<img loading=\"lazy\" decoding=\"async\" class=\"alignleft size-full wp-image-1101\" src=\"https:\/\/inspectionsrodrigues.com\/wp-content\/uploads\/2018\/11\/thermographic-electrical-inspection-min.jpg\" alt=\"\" width=\"222\" height=\"130\" \/><img loading=\"lazy\" decoding=\"async\" class=\"alignright size-full wp-image-1102\" src=\"https:\/\/inspectionsrodrigues.com\/wp-content\/uploads\/2018\/11\/thermographic-inspection-rodrigues-min.jpg\" alt=\"\" width=\"220\" height=\"130\" \/>Les inspections \u00e9lectriques peuvent d\u00e9tecter les connexions ou composantes surchauff\u00e9es qui signalent un probl\u00e8me majeur \u00e9ventuel pouvant provoquer un incendie, des blessures, endommager l&#8217;\u00e9quipement, des interruptions, etc. La thermographie peut d\u00e9tecter les mauvaises connexions, les circuits surcharg\u00e9s, les interrupteurs d\u00e9fectueux, les probl\u00e8mes li\u00e9s aux transformateurs, aux fusibles, aux coupe-circuit, aux connecteurs de calibre inf\u00e9rieur, \u00e0 un mauvais refroidissement, etc. Plusieurs compagnies d&#8217;assurances commencent \u00e0 exiger des inspections annuelles des \u00e9quipements essentiels.[\/vc_column_text][\/vc_column][\/vc_row][vc_row][vc_column]<div id=\"ultimate-heading-533269ef5e5a2219e\" class=\"uvc-heading ult-adjust-bottom-margin ultimate-heading-533269ef5e5a2219e uvc-8084 accent-border-color\" data-hspacer=\"line_only\"  data-halign=\"left\" style=\"text-align:left\"><div class=\"uvc-main-heading ult-responsive\"  data-ultimate-target='.uvc-heading.ultimate-heading-533269ef5e5a2219e h2'  data-responsive-json-new='{\"font-size\":\"desktop:26px;\",\"line-height\":\"desktop:36px;\"}' ><h2 style=\"font-weight:bold;\">Inspections m\u00e9caniques thermographiques commerciales \/ industrielles<\/h2><\/div><div class=\"uvc-heading-spacer line_only\" style=\"margin-top:15px;margin-bottom:30px;height:4px;\"><span class=\"uvc-headings-line\" style=\"border-style:solid;border-bottom-width:4px;border-color:;width:50px;\"><\/span><\/div><\/div>[\/vc_column][\/vc_row][vc_row css=&#8221;.vc_custom_1543410962369{padding-bottom: 50px !important;}&#8221;][vc_column][vc_column_text]<img loading=\"lazy\" decoding=\"async\" class=\"alignleft size-full wp-image-1103\" src=\"https:\/\/inspectionsrodrigues.com\/wp-content\/uploads\/2018\/11\/commercial-mechanical-inspection-rodrigues-min.jpg\" alt=\"\" width=\"222\" height=\"130\" \/>Les inspections m\u00e9caniques peuvent d\u00e9tecter des \u00e9l\u00e9ments de moteur, de compresseurs, de roulement, de courroies, etc., qui surchauffent. La thermographie est une partie importante et pr\u00e9cieuse de votre programme d&#8217;entretien. Il est toujours pr\u00e9f\u00e9rable de r\u00e9parer des articles avant qu&#8217;ils tombent en panne et causent des interruptions op\u00e9rationnelles.[\/vc_column_text][\/vc_column][\/vc_row][vc_row][vc_column]<div id=\"ultimate-heading-469269ef5e5a221c9\" class=\"uvc-heading ult-adjust-bottom-margin ultimate-heading-469269ef5e5a221c9 uvc-3241 accent-border-color\" data-hspacer=\"line_only\"  data-halign=\"left\" style=\"text-align:left\"><div class=\"uvc-main-heading ult-responsive\"  data-ultimate-target='.uvc-heading.ultimate-heading-469269ef5e5a221c9 h2'  data-responsive-json-new='{\"font-size\":\"desktop:26px;\",\"line-height\":\"desktop:36px;\"}' ><h2 style=\"font-weight:bold;\">Inspections thermographiques d'enveloppes de b\u00e2timents commerciaux \/ condo<\/h2><\/div><div class=\"uvc-heading-spacer line_only\" style=\"margin-top:15px;margin-bottom:30px;height:4px;\"><span class=\"uvc-headings-line\" style=\"border-style:solid;border-bottom-width:4px;border-color:;width:50px;\"><\/span><\/div><\/div>[\/vc_column][\/vc_row][vc_row css=&#8221;.vc_custom_1543410962369{padding-bottom: 50px !important;}&#8221;][vc_column][vc_column_text]<img loading=\"lazy\" decoding=\"async\" class=\"alignleft size-full wp-image-1105\" src=\"https:\/\/inspectionsrodrigues.com\/wp-content\/uploads\/2018\/11\/commercial-building-min.jpg\" alt=\"\" width=\"222\" height=\"130\" \/><img loading=\"lazy\" decoding=\"async\" class=\"alignright size-full wp-image-1106\" src=\"https:\/\/inspectionsrodrigues.com\/wp-content\/uploads\/2018\/11\/commercial-building-inspections-min.jpg\" alt=\"\" width=\"222\" height=\"130\" \/>Les inspections de l&#8217;enveloppe des \u00e9difices permettent de d\u00e9tecter les pertes de chaleur, les fuites d&#8217;air et d&#8217;eau. Elles sont essentielles pour les \u00e9conomies d&#8217;\u00e9nergie et le confort des occupants.<\/p>\n<p>Sur l&#8217;image, les fl\u00e8ches montrent une fuite sous le cadre de fen\u00eatre et une fuite de ma\u00e7onnerie.[\/vc_column_text][\/vc_column][\/vc_row][vc_row][vc_column]<div id=\"ultimate-heading-23069ef5e5a221f2\" class=\"uvc-heading ult-adjust-bottom-margin ultimate-heading-23069ef5e5a221f2 uvc-924 accent-border-color\" data-hspacer=\"line_only\"  data-halign=\"left\" style=\"text-align:left\"><div class=\"uvc-main-heading ult-responsive\"  data-ultimate-target='.uvc-heading.ultimate-heading-23069ef5e5a221f2 h2'  data-responsive-json-new='{\"font-size\":\"desktop:26px;\",\"line-height\":\"desktop:36px;\"}' ><h2 style=\"font-weight:bold;\">Inspections de b\u00e2timents thermographiques r\u00e9sidentiels<\/h2><\/div><div class=\"uvc-heading-spacer line_only\" style=\"margin-top:15px;margin-bottom:30px;height:4px;\"><span class=\"uvc-headings-line\" style=\"border-style:solid;border-bottom-width:4px;border-color:;width:50px;\"><\/span><\/div><\/div>[\/vc_column][\/vc_row][vc_row css=&#8221;.vc_custom_1543410962369{padding-bottom: 50px !important;}&#8221;][vc_column][vc_column_text]Raisons d&#8217;utilisation de la thermographie:<\/p>\n<ol>\n<li>Les fuites sur le toit ou dans le sous-sol<\/li>\n<li>Les fuites derri\u00e8re une surface<\/li>\n<li>Des probl\u00e8mes de carreaux thermiques (qui apparaissent souvent apr\u00e8s la p\u00e9riode de garantie)<\/li>\n<li>Des isolations manquantes, endommag\u00e9es ou mal install\u00e9es<\/li>\n<li>Parfait pour l&#8217;inspection de nouvelles maisons avant la fin de la p\u00e9riode de garantie<\/li>\n<li>Les fuites de plomberie qu&#8217;on ne peut pas d\u00e9tecteur \u00e0 l&#8217;\u0153il humain<\/li>\n<li>Les surchauffes \u00e9lectriques d\u00e9coulant d&#8217;une mauvaise installation, de surcharges, etc.<\/li>\n<li>Les fuites dans les murs ext\u00e9rieurs<\/li>\n<li>Les radiateurs<\/li>\n<li>Les appareils de chauffage, les climatiseurs, les moteurs de ventilateurs<\/li>\n<li>Les syst\u00e8mes de chauffage sous le plancher (\u00e0 l&#8217;eau ou \u00e0 l&#8217;\u00e9lectricit\u00e9)<\/li>\n<li>Les fuites d&#8217;air dans les murs, les fen\u00eatres, les portes, les conduits, etc.;<\/li>\n<li>Les conditions dans une maison pouvant amener \u00e0 la croissance de moisissures; etc.<\/li>\n<li>Et plusieurs autres<\/li>\n<\/ol>\n<p>[\/vc_column_text][\/vc_column][\/vc_row][vc_row][vc_column][vc_column_text]<\/p>\n<h3>Bonnes conditions pour une inspection<\/h3>\n<p><img loading=\"lazy\" decoding=\"async\" class=\"alignright size-full wp-image-1107\" src=\"https:\/\/inspectionsrodrigues.com\/wp-content\/uploads\/2018\/11\/rodrigues-infrared-gun-min.jpg\" alt=\"\" width=\"220\" height=\"130\" \/><\/p>\n<p>Ce ne sont pas tous les probl\u00e8mes qui peuvent \u00eatre d\u00e9tect\u00e9s lors d&#8217;une seule visite, car les conditions ne sont pas toujours id\u00e9ales en m\u00eame temps pour tout d\u00e9tecter. M\u00e9fiez-vous de quiconque affirme le contraire. Nous vous dirons quelles conditions sont requises pour augmenter vos chances de d\u00e9tecter les probl\u00e8mes.[\/vc_column_text][\/vc_column][\/vc_row]<\/p>\n<\/div>","protected":false},"excerpt":{"rendered":"<p>[vc_row type=&#8221;vc_default&#8221; css=&#8221;.vc_custom_1474268037787{margin-bottom: -30px !important;padding-bottom: 30px !important;}&#8221;][vc_column offset=&#8221;vc_col-lg-12 vc_col-md-12 vc_col-xs-12&#8243;][vc_column_text css=&#8221;.vc_custom_1544182597015{padding-bottom: 60px !important;}&#8221;] Inspecter avec une cam\u00e9ra infrarouge augmente consid\u00e9rablement une inspection visuelle \u00e0 domicile, dans un \u00e9difice commercial ou industriel ou un complexe de copropri\u00e9t\u00e9s. La thermographie peut d\u00e9tecter de tr\u00e8s petites variations de temp\u00e9rature. Des thermographistes comp\u00e9tents et form\u00e9s interpr\u00e8tent ces variations de&hellip;<\/p>\n","protected":false},"author":1,"featured_media":0,"parent":27,"menu_order":0,"comment_status":"closed","ping_status":"closed","template":"","meta":{"footnotes":""},"class_list":["post-981","page","type-page","status-publish","hentry","description-off"],"_links":{"self":[{"href":"https:\/\/inspectionsrodrigues.com\/fr\/wp-json\/wp\/v2\/pages\/981","targetHints":{"allow":["GET"]}}],"collection":[{"href":"https:\/\/inspectionsrodrigues.com\/fr\/wp-json\/wp\/v2\/pages"}],"about":[{"href":"https:\/\/inspectionsrodrigues.com\/fr\/wp-json\/wp\/v2\/types\/page"}],"author":[{"embeddable":true,"href":"https:\/\/inspectionsrodrigues.com\/fr\/wp-json\/wp\/v2\/users\/1"}],"replies":[{"embeddable":true,"href":"https:\/\/inspectionsrodrigues.com\/fr\/wp-json\/wp\/v2\/comments?post=981"}],"version-history":[{"count":0,"href":"https:\/\/inspectionsrodrigues.com\/fr\/wp-json\/wp\/v2\/pages\/981\/revisions"}],"up":[{"embeddable":true,"href":"https:\/\/inspectionsrodrigues.com\/fr\/wp-json\/wp\/v2\/pages\/27"}],"wp:attachment":[{"href":"https:\/\/inspectionsrodrigues.com\/fr\/wp-json\/wp\/v2\/media?parent=981"}],"curies":[{"name":"wp","href":"https:\/\/api.w.org\/{rel}","templated":true}]}}