{"id":67,"date":"2016-06-22T01:33:14","date_gmt":"2016-06-22T00:33:14","guid":{"rendered":"https:\/\/the7.io\/construction\/?page_id=67"},"modified":"2022-03-02T00:38:51","modified_gmt":"2022-03-02T00:38:51","slug":"inspections-residentielles","status":"publish","type":"page","link":"https:\/\/inspectionsrodrigues.com\/fr\/services\/inspections-residentielles\/","title":{"rendered":"Inspections R\u00e9sidentielles"},"content":{"rendered":"<div class=\"wpb-content-wrapper\"><p>[vc_row type=&#8221;vc_default&#8221; css=&#8221;.vc_custom_1474268037787{margin-bottom: -30px !important;padding-bottom: 30px !important;}&#8221;][vc_column offset=&#8221;vc_col-lg-12 vc_col-md-12 vc_col-xs-12&#8243;]<style type=\"text\/css\" data-type=\"the7_shortcodes-inline-css\">.shortcode-single-image-wrap.shortcode-single-image-92e6d962ea27c34803fff8aaca2abe3e.enable-bg-rollover .rollover i,\n.shortcode-single-image-wrap.shortcode-single-image-92e6d962ea27c34803fff8aaca2abe3e.enable-bg-rollover .rollover-video i {\n  background: -webkit-linear-gradient();\n  background: linear-gradient();\n}\n.shortcode-single-image-wrap.shortcode-single-image-92e6d962ea27c34803fff8aaca2abe3e .rollover-icon {\n  font-size: 32px;\n  color: #ffffff;\n  min-width: 44px;\n  min-height: 44px;\n  line-height: 44px;\n  border-radius: 100px;\n  border-style: solid;\n  border-width: 0px;\n}\n.dt-icon-bg-on.shortcode-single-image-wrap.shortcode-single-image-92e6d962ea27c34803fff8aaca2abe3e .rollover-icon {\n  background: rgba(255,255,255,0.3);\n  box-shadow: none;\n}<\/style><div class=\"shortcode-single-image-wrap shortcode-single-image-92e6d962ea27c34803fff8aaca2abe3e alignnone  vc_custom_1543341170503 enable-bg-rollover dt-icon-bg-off\" ><div class=\"shortcode-single-image\"><div class=\"fancy-media-wrap  layzr-bg\" style=\"\"><img fetchpriority=\"high\" decoding=\"async\" class=\"preload-me lazy-load aspect\" src=\"data:image\/svg+xml,%3Csvg%20xmlns%3D&#39;http%3A%2F%2Fwww.w3.org%2F2000%2Fsvg&#39;%20viewBox%3D&#39;0%200%20825%20413&#39;%2F%3E\" data-src=\"https:\/\/inspectionsrodrigues.com\/fr\/wp-content\/uploads\/2018\/11\/Home-Inspection-min.jpg\" data-srcset=\"https:\/\/inspectionsrodrigues.com\/fr\/wp-content\/uploads\/2018\/11\/Home-Inspection-min.jpg 825w\" loading=\"eager\" sizes=\"(max-width: 825px) 100vw, 825px\" width=\"825\" height=\"413\"  data-dt-location=\"https:\/\/inspectionsrodrigues.com\/fr\/services\/inspections-residentielles\/home-inspection-min-2\/\" style=\"--ratio: 825 \/ 413;\" alt=\"\" \/><\/div><\/div><\/div><div id=\"ultimate-heading-968969ef5de531f4e\" class=\"uvc-heading ult-adjust-bottom-margin ultimate-heading-968969ef5de531f4e uvc-9000 accent-border-color\" data-hspacer=\"line_only\"  data-halign=\"left\" style=\"text-align:left\"><div class=\"uvc-main-heading ult-responsive\"  data-ultimate-target='.uvc-heading.ultimate-heading-968969ef5de531f4e h2'  data-responsive-json-new='{\"font-size\":\"desktop:26px;\",\"line-height\":\"desktop:36px;\"}' ><h2 style=\"font-weight:bold;\">Inspections r\u00e9sidentielles \u00e0 Montr\u00e9al<\/h2><\/div><div class=\"uvc-heading-spacer line_only\" style=\"margin-top:15px;margin-bottom:30px;height:4px;\"><span class=\"uvc-headings-line\" style=\"border-style:solid;border-bottom-width:4px;border-color:;width:50px;\"><\/span><\/div><\/div>[vc_column_text css=&#8221;.vc_custom_1544021811837{padding-bottom: 60px !important;}&#8221;]Une inspection r\u00e9sidentielle joue un r\u00f4le important \u00e0 offrir la tranquillit\u00e9 d\u2019esprit lorsqu\u2019il s\u2019agit d\u2019acheter une maison neuve ou d\u00e9j\u00e0 habit\u00e9e. Prot\u00e9gez-vous contre les probl\u00e8mes pouvant entra\u00eener des d\u00e9penses importantes.<\/p>\n<p>Inspections Rodrigues effectue des inspections r\u00e9sidentielles \u00e0 Laval, sur la Rive-Sud, dans l\u2019Ouest-De-L&#8217;\u00cele et \u00e0 Montr\u00e9al. Si vous achetez une maison qui n\u2019est pas neuve, il est tout particuli\u00e8rement essentiel que vous puissiez faire preuve de diligence raisonnable gr\u00e2ce \u00e0 un rapport et \u00e0 une \u00e9valuation de l\u2019\u00e9tat de la propri\u00e9t\u00e9 de mani\u00e8re \u00e0 r\u00e9duire les risques. Une infiltration d\u2019eau par le toit ou le sous-sol peut repr\u00e9senter des milliers de dollars en r\u00e9paration si elle n\u2019est pas d\u00e9tect\u00e9e avant l\u2019achat.<\/p>\n<p>L\u2019\u00e2ge, l\u2019emplacement et la construction sont autant de facteurs \u00e0 prendre en compte lorsqu\u2019on ach\u00e8te dans la grande r\u00e9gion m\u00e9tropolitaine de Montr\u00e9al. Demander une inspection peut vous donner un certain avantage lors des n\u00e9gociations de mani\u00e8re \u00e0 ce que le prix offert prenne en compte les r\u00e9novations qui devront \u00eatre effectu\u00e9es. Certains des points importants abord\u00e9s lors d\u2019une inspection de votre propri\u00e9t\u00e9 r\u00e9sidentielle incluent l\u2019\u00e2ge et les mat\u00e9riaux du syst\u00e8me \u00e9lectrique, les fuites de la plomberie, les structures endommag\u00e9es par l\u2019eau, l\u2019isolation du grenier et les r\u00e9novations pr\u00e9alables pouvant avoir un probl\u00e8me de s\u00e9curit\u00e9.<\/p>\n<p>Nos inspections comportent des rapports sur place de la propri\u00e9t\u00e9 et l\u2019identification de d\u00e9fauts majeurs \u00e9ventuels qui peuvent \u00eatre soulev\u00e9s lors des n\u00e9gociations d\u2019achat. Nos rapports incluent des explications d\u00e9taill\u00e9es de tous les points chauds identifi\u00e9s, les probl\u00e8mes structurels et \u00e9lectriques \u00e9ventuels et, aux fins de pr\u00e9visions budg\u00e9taires, des suggestions sur les exigences futures en mati\u00e8re d\u2019entretien.<\/p>\n<p>Que se passe-t-il si vous d\u00e9sirez plus de d\u00e9tails?<br \/>\nUne inspection visuelle ne peut fournir qu\u2019un certain nombre de renseignements. Lorsqu\u2019il s\u2019agit d\u2019identifier un probl\u00e8me \u00e9ventuel, des services d\u2019inspection et de v\u00e9rification suppl\u00e9mentaires peuvent \u00eatre fournis pour un aper\u00e7u plus en profondeur de la propri\u00e9t\u00e9 que l\u2019on songe \u00e0 acqu\u00e9rir.[\/vc_column_text][\/vc_column][\/vc_row][vc_row][vc_column width=&#8221;1\/2&#8243;]<div id=\"ultimate-heading-792069ef5de531fdd\" class=\"uvc-heading ult-adjust-bottom-margin ultimate-heading-792069ef5de531fdd uvc-8142 accent-border-color\" data-hspacer=\"line_only\"  data-halign=\"left\" style=\"text-align:left\"><div class=\"uvc-main-heading ult-responsive\"  data-ultimate-target='.uvc-heading.ultimate-heading-792069ef5de531fdd h3'  data-responsive-json-new='{\"font-size\":\"desktop:26px;\",\"line-height\":\"desktop:36px;\"}' ><h3 style=\"font-weight:bold;\">\u00c9l\u00e9ments pris en charge par les inspections r\u00e9sidentielles de Montr\u00e9al:<\/h3><\/div><div class=\"uvc-heading-spacer line_only\" style=\"margin-top:15px;margin-bottom:40px;height:4px;\"><span class=\"uvc-headings-line\" style=\"border-style:solid;border-bottom-width:4px;border-color:;width:50px;\"><\/span><\/div><\/div>[vc_column_text]<\/p>\n<ol>\n<li>Composants structurels<\/li>\n<li>Fondation<\/li>\n<li>Rev\u00eatement ext\u00e9rieur<\/li>\n<li>Syst\u00e8me et mat\u00e9riaux de la toiture<\/li>\n<li>Syst\u00e8me \u00e9lectrique<\/li>\n<li>Syst\u00e8me de plomberie<\/li>\n<li>Syst\u00e8me de chauffage<\/li>\n<li>Syst\u00e8me de climatisation<\/li>\n<li>Int\u00e9rieur au complet<\/li>\n<li>Garage (y compris les garages autonomes)<\/li>\n<li>Isolation<\/li>\n<li>Ventilation<\/li>\n<\/ol>\n<p>Pour une liste compl\u00e8te de nos normes, veuillez <a href=\"https:\/\/www.nachi.org\/sop.htm\" target=\"_blank\" rel=\"noopener\">cliquer ici<\/a>.[\/vc_column_text][\/vc_column][vc_column width=&#8221;1\/2&#8243;]<div id=\"ultimate-heading-865169ef5de532038\" class=\"uvc-heading ult-adjust-bottom-margin ultimate-heading-865169ef5de532038 uvc-3452 accent-border-color\" data-hspacer=\"line_only\"  data-halign=\"left\" style=\"text-align:left\"><div class=\"uvc-main-heading ult-responsive\"  data-ultimate-target='.uvc-heading.ultimate-heading-865169ef5de532038 h3'  data-responsive-json-new='{\"font-size\":\"desktop:26px;\",\"line-height\":\"desktop:36px;\"}' ><h3 style=\"font-weight:bold;\">R\u00e9gions desservies :<\/h3><\/div><div class=\"uvc-heading-spacer line_only\" style=\"margin-top:15px;margin-bottom:40px;height:4px;\"><span class=\"uvc-headings-line\" style=\"border-style:solid;border-bottom-width:4px;border-color:;width:50px;\"><\/span><\/div><\/div><div class=\"standard-arrow list-divider bullet-top\"><ul>\n<li>Inspections de maisons \u00e0 Montr\u00e9al<\/li>\n<li>Inspections de maisons dans l\u2019Ouest-De-L&#8217;\u00cele<\/li>\n<li>Inspections de maison sur la Rive-Sud<\/li>\n<li>Inspections de maisons \u00e0 Laval<\/li>\n<\/ul>\n<\/div>[\/vc_column][\/vc_row][vc_row css=&#8221;.vc_custom_1543403787796{padding-top: 50px !important;}&#8221;][vc_column]<div id=\"ultimate-heading-231869ef5de532128\" class=\"uvc-heading ult-adjust-bottom-margin ultimate-heading-231869ef5de532128 uvc-3912 accent-border-color\" data-hspacer=\"line_only\"  data-halign=\"left\" style=\"text-align:left\"><div class=\"uvc-main-heading ult-responsive\"  data-ultimate-target='.uvc-heading.ultimate-heading-231869ef5de532128 h2'  data-responsive-json-new='{\"font-size\":\"desktop:26px;\",\"line-height\":\"desktop:36px;\"}' ><h2 style=\"font-weight:bold;\">Pourquoi faire appel \u00e0 un inspecteur en b\u00e2timent de Montr\u00e9al?<\/h2><\/div><div class=\"uvc-heading-spacer line_only\" style=\"margin-top:15px;margin-bottom:30px;height:4px;\"><span class=\"uvc-headings-line\" style=\"border-style:solid;border-bottom-width:4px;border-color:;width:50px;\"><\/span><\/div><\/div>[\/vc_column][\/vc_row][vc_row][vc_column][vc_column_text]<img loading=\"lazy\" decoding=\"async\" class=\"alignright size-medium wp-image-1088\" src=\"https:\/\/inspectionsrodrigues.com\/wordpress\/wp-content\/uploads\/2018\/11\/Why-use-a-Montreal-Home-Inspector-min-300x194.jpg\" alt=\"\" width=\"300\" height=\"194\" srcset=\"https:\/\/inspectionsrodrigues.com\/fr\/wp-content\/uploads\/2018\/11\/Why-use-a-Montreal-Home-Inspector-min-300x194.jpg 300w, https:\/\/inspectionsrodrigues.com\/fr\/wp-content\/uploads\/2018\/11\/Why-use-a-Montreal-Home-Inspector-min.jpg 406w\" sizes=\"auto, (max-width: 300px) 100vw, 300px\" \/>De nos jours, nombreuses sont les maisons fa\u00e7onn\u00e9es de fa\u00e7on professionnelle. Leur beaut\u00e9, charme et site sont mis en \u00e9vidence et leurs d\u00e9fauts minimis\u00e9s. Chez Inspections Rodrigues inc., nous sommes form\u00e9s de sorte \u00e0 voir au-del\u00e0 de la \u00ab fa\u00e7ade \u00bb et d\u00e9tecter les d\u00e9fauts que le propri\u00e9taire actuel peut ignorer ou consid\u00e9rer comme \u00e9tant normaux.<\/p>\n<p>Un inspecteur en b\u00e2timent peut conseiller l\u2019acheteur \u00e0 propos de r\u00e9parations co\u00fbteuses dont on n\u2019a pas tenu compte dans le prix d\u2019achat de la maison.<\/p>\n<p>\u00c0 partir d\u2019une liste de v\u00e9rification, nous investiguons et \u00e9valuons un certain nombre d\u2019articles d\u2019un point de vue net et impartial.<\/p>\n<p>Un rapport d\u00e9taill\u00e9 au format PDF est pr\u00e9par\u00e9 et envoy\u00e9 par courriel g\u00e9n\u00e9ralement le m\u00eame jour. Les conclusions sont r\u00e9sum\u00e9es et des recommandations sont faites.[\/vc_column_text][vc_empty_space]<style type=\"text\/css\" data-type=\"the7_shortcodes-inline-css\">#default-btn-96de16e1b92635f6079457bdd2ee33d4.ico-right-side > i {\n  margin-right: 0px;\n  margin-left: 8px;\n}\n#default-btn-96de16e1b92635f6079457bdd2ee33d4 > i {\n  margin-right: 8px;\n}<\/style><a href=\"https:\/\/inspectionsrodrigues.com\/fr\/rapport-d-inspection.pdf\" class=\"default-btn-shortcode dt-btn dt-btn-l link-hover-off btn-inline-left \" target=\"_blank\" id=\"default-btn-96de16e1b92635f6079457bdd2ee33d4\" style=\"width:400px;\" rel=\"noopener\"><i class=\"icomoon-the7-font-the7-arrow-09\"><\/i><span>Voir un exemple de rapport<\/span><\/a>[\/vc_column][\/vc_row]<\/p>\n<\/div>","protected":false},"excerpt":{"rendered":"<p>[vc_row type=&#8221;vc_default&#8221; css=&#8221;.vc_custom_1474268037787{margin-bottom: -30px !important;padding-bottom: 30px !important;}&#8221;][vc_column offset=&#8221;vc_col-lg-12 vc_col-md-12 vc_col-xs-12&#8243;][vc_column_text css=&#8221;.vc_custom_1544021811837{padding-bottom: 60px !important;}&#8221;]Une inspection r\u00e9sidentielle joue un r\u00f4le important \u00e0 offrir la tranquillit\u00e9 d\u2019esprit lorsqu\u2019il s\u2019agit d\u2019acheter une maison neuve ou d\u00e9j\u00e0 habit\u00e9e. Prot\u00e9gez-vous contre les probl\u00e8mes pouvant entra\u00eener des d\u00e9penses importantes. Inspections Rodrigues effectue des inspections r\u00e9sidentielles \u00e0 Laval, sur la Rive-Sud, dans l\u2019Ouest-De-L&#8217;\u00cele&hellip;<\/p>\n","protected":false},"author":1,"featured_media":0,"parent":27,"menu_order":0,"comment_status":"closed","ping_status":"closed","template":"","meta":{"footnotes":""},"class_list":["post-67","page","type-page","status-publish","hentry","description-off"],"_links":{"self":[{"href":"https:\/\/inspectionsrodrigues.com\/fr\/wp-json\/wp\/v2\/pages\/67","targetHints":{"allow":["GET"]}}],"collection":[{"href":"https:\/\/inspectionsrodrigues.com\/fr\/wp-json\/wp\/v2\/pages"}],"about":[{"href":"https:\/\/inspectionsrodrigues.com\/fr\/wp-json\/wp\/v2\/types\/page"}],"author":[{"embeddable":true,"href":"https:\/\/inspectionsrodrigues.com\/fr\/wp-json\/wp\/v2\/users\/1"}],"replies":[{"embeddable":true,"href":"https:\/\/inspectionsrodrigues.com\/fr\/wp-json\/wp\/v2\/comments?post=67"}],"version-history":[{"count":1,"href":"https:\/\/inspectionsrodrigues.com\/fr\/wp-json\/wp\/v2\/pages\/67\/revisions"}],"predecessor-version":[{"id":1356,"href":"https:\/\/inspectionsrodrigues.com\/fr\/wp-json\/wp\/v2\/pages\/67\/revisions\/1356"}],"up":[{"embeddable":true,"href":"https:\/\/inspectionsrodrigues.com\/fr\/wp-json\/wp\/v2\/pages\/27"}],"wp:attachment":[{"href":"https:\/\/inspectionsrodrigues.com\/fr\/wp-json\/wp\/v2\/media?parent=67"}],"curies":[{"name":"wp","href":"https:\/\/api.w.org\/{rel}","templated":true}]}}