{"id":1210,"date":"2018-12-04T13:19:15","date_gmt":"2018-12-04T13:19:15","guid":{"rendered":"https:\/\/inspectionsrodrigues.com\/wordpress\/?page_id=1210"},"modified":"2018-12-05T15:17:20","modified_gmt":"2018-12-05T15:17:20","slug":"inspections-commerciales","status":"publish","type":"page","link":"https:\/\/inspectionsrodrigues.com\/fr\/services\/inspections-commerciales\/","title":{"rendered":"Inspections Commerciales"},"content":{"rendered":"<div class=\"wpb-content-wrapper\"><p>[vc_row type=&#8221;vc_default&#8221; css=&#8221;.vc_custom_1474268037787{margin-bottom: -30px !important;padding-bottom: 30px !important;}&#8221;][vc_column offset=&#8221;vc_col-lg-12 vc_col-md-12 vc_col-xs-12&#8243;]<style type=\"text\/css\" data-type=\"the7_shortcodes-inline-css\">.shortcode-single-image-wrap.shortcode-single-image-92e6d962ea27c34803fff8aaca2abe3e.enable-bg-rollover .rollover i,\n.shortcode-single-image-wrap.shortcode-single-image-92e6d962ea27c34803fff8aaca2abe3e.enable-bg-rollover .rollover-video i {\n  background: ;\n  background: -webkit-linear-gradient();\n  background: linear-gradient();\n}\n.shortcode-single-image-wrap.shortcode-single-image-92e6d962ea27c34803fff8aaca2abe3e .rollover-icon {\n  font-size: 32px;\n  color: #ffffff;\n  min-width: 44px;\n  min-height: 44px;\n  line-height: 44px;\n  border-radius: 100px;\n  border-style: solid;\n  border-width: 0px;\n}\n.dt-icon-bg-on.shortcode-single-image-wrap.shortcode-single-image-92e6d962ea27c34803fff8aaca2abe3e .rollover-icon {\n  background: rgba(255,255,255,0.3);\n  -webkit-box-shadow: none;\n  box-shadow: none;\n}\n<\/style><div class=\"shortcode-single-image-wrap shortcode-single-image-92e6d962ea27c34803fff8aaca2abe3e alignnone  vc_custom_1543341170503 enable-bg-rollover dt-icon-bg-off\" ><div class=\"shortcode-single-image\"><div class=\"fancy-media-wrap  layzr-bg\" style=\"\"><img fetchpriority=\"high\" decoding=\"async\" class=\"preload-me lazy-load aspect\" src=\"data:image\/svg+xml,%3Csvg%20xmlns%3D&#39;http%3A%2F%2Fwww.w3.org%2F2000%2Fsvg&#39;%20viewBox%3D&#39;0%200%20825%20413&#39;%2F%3E\" data-src=\"https:\/\/inspectionsrodrigues.com\/fr\/wp-content\/uploads\/2018\/11\/Home-Inspection-min.jpg\" data-srcset=\"https:\/\/inspectionsrodrigues.com\/fr\/wp-content\/uploads\/2018\/11\/Home-Inspection-min.jpg 825w\" loading=\"eager\" sizes=\"(max-width: 825px) 100vw, 825px\" width=\"825\" height=\"413\"  data-dt-location=\"https:\/\/inspectionsrodrigues.com\/fr\/services\/inspections-residentielles\/home-inspection-min-2\/\" style=\"--ratio: 825 \/ 413;\" alt=\"\" \/><\/div><\/div><\/div><div id=\"ultimate-heading-721369d1cce44a5f2\" class=\"uvc-heading ult-adjust-bottom-margin ultimate-heading-721369d1cce44a5f2 uvc-6650 accent-border-color\" data-hspacer=\"line_only\"  data-halign=\"left\" style=\"text-align:left\"><div class=\"uvc-main-heading ult-responsive\"  data-ultimate-target='.uvc-heading.ultimate-heading-721369d1cce44a5f2 h2'  data-responsive-json-new='{\"font-size\":\"desktop:26px;\",\"line-height\":\"desktop:36px;\"}' ><h2 style=\"font-weight:bold;\">Inspections commerciales de Montr\u00e9al<\/h2><\/div><div class=\"uvc-heading-spacer line_only\" style=\"margin-top:15px;margin-bottom:30px;height:4px;\"><span class=\"uvc-headings-line\" style=\"border-style:solid;border-bottom-width:4px;border-color:;width:50px;\"><\/span><\/div><\/div>[vc_column_text css=&#8221;.vc_custom_1544022884006{padding-bottom: 60px !important;}&#8221;]Prot\u00e9gez-vous contre des probl\u00e8mes majeurs pouvant causer des temps d&#8217;indisponibilit\u00e9 et un fardeau financier pour votre compagnie. Inspections Joe Rodrigues inc. offre des services d\u2019inspection d\u2019immeubles commerciaux \u00e0 Laval, sur la Rive-Sud et \u00e0 Montr\u00e9al. Si vous achetez une propri\u00e9t\u00e9 commerciale, louez un espace de bureau ou songez \u00e0 acheter un immeuble d\u2019habitation, il est important de faire preuve de diligence raisonnable en obtenant un rapport et une \u00e9valuation de l\u2019\u00e9tat des locaux de mani\u00e8re \u00e0 minimiser vos risques.<\/p>\n<p>L\u2019\u00e2ge, l\u2019emplacement et la construction sont autant de facteurs \u00e0 prendre en compte lorsqu\u2019on ach\u00e8te dans la grande r\u00e9gion m\u00e9tropolitaine de Montr\u00e9al. Effectuer une inspection permet \u00e0 votre compagnie de pr\u00e9voir les d\u00e9penses en immobilisation \u00e9ventuelles de votre espace industriel qui n\u00e9cessitera de l\u2019entretien, des remplacements et la r\u00e9paration de composantes. Certains des principaux \u00e9l\u00e9ments pris en compte lors de l\u2019inspection d\u2019une propri\u00e9t\u00e9 industrielle :<\/p>\n<ol>\n<li>Ext\u00e9rieurs du b\u00e2timent<\/li>\n<li>Structure<\/li>\n<li>Fondation<\/li>\n<li>\u00c9lectricit\u00e9<\/li>\n<li>Plomberie<\/li>\n<li>Syst\u00e8mes m\u00e9caniqueset de chauffage, ventilation et conditionnement d&#8217;air (CVCA)<\/li>\n<li>Chauffage et climatisation<\/li>\n<li>Espaces int\u00e9rieurs<\/li>\n<li>Toilettes<\/li>\n<li>Stationnement et surfaces pi\u00e9tonni\u00e8res<\/li>\n<li>Isolation<\/li>\n<li>Fen\u00eatres<\/li>\n<li>Infiltration d\u2019eau<\/li>\n<\/ol>\n<p>Nos inspections comportent des rapports personnalis\u00e9s avec des photos de la propri\u00e9t\u00e9 et l\u2019identification de d\u00e9fauts majeurs \u00e9ventuels qui peuvent \u00eatre soulev\u00e9s lors des n\u00e9gociations d\u2019achat. Nos rapports incluent des explications d\u00e9taill\u00e9es de tous les points chauds identifi\u00e9s, les probl\u00e8mes structurels et \u00e9lectriques \u00e9ventuels et, aux fins de pr\u00e9visions budg\u00e9taires, des suggestions sur les exigences futures en mati\u00e8re d\u2019entretien.<\/p>\n<p>Une inspection visuelle ne peut fournir qu\u2019un certain nombre de renseignements. Lorsqu\u2019il s\u2019agit d\u2019identifier un probl\u00e8me \u00e9ventuel, des services d\u2019inspection et de v\u00e9rification suppl\u00e9mentaires peuvent \u00eatre fournis pour un aper\u00e7u plus en profondeur de la propri\u00e9t\u00e9 que l\u2019on songe \u00e0 acqu\u00e9rir.<\/p>\n<p>Inspections Joe Rodrigues inc. respecte les normes de pratique de l\u2019AIBQ et de l&#8217;ASHI[\/vc_column_text][\/vc_column][\/vc_row][vc_row][vc_column]<div id=\"ultimate-heading-743169d1cce44a643\" class=\"uvc-heading ult-adjust-bottom-margin ultimate-heading-743169d1cce44a643 uvc-4024 accent-border-color\" data-hspacer=\"line_only\"  data-halign=\"left\" style=\"text-align:left\"><div class=\"uvc-main-heading ult-responsive\"  data-ultimate-target='.uvc-heading.ultimate-heading-743169d1cce44a643 h3'  data-responsive-json-new='{\"font-size\":\"desktop:26px;\",\"line-height\":\"desktop:36px;\"}' ><h3 style=\"font-weight:bold;\">Inspections commerciales et industrielles pour :<\/h3><\/div><div class=\"uvc-heading-spacer line_only\" style=\"margin-top:15px;margin-bottom:40px;height:4px;\"><span class=\"uvc-headings-line\" style=\"border-style:solid;border-bottom-width:4px;border-color:;width:50px;\"><\/span><\/div><\/div>[\/vc_column][vc_column width=&#8221;1\/3&#8243;]<style type=\"text\/css\" data-type=\"the7_shortcodes-inline-css\">.shortcode-single-image-wrap.shortcode-single-image-a73139046fb27e119493deb6f9062a0d.enable-bg-rollover .rollover i,\n.shortcode-single-image-wrap.shortcode-single-image-a73139046fb27e119493deb6f9062a0d.enable-bg-rollover .rollover-video i {\n  background: ;\n  background: -webkit-linear-gradient();\n  background: linear-gradient();\n}\n.shortcode-single-image-wrap.shortcode-single-image-a73139046fb27e119493deb6f9062a0d .rollover-icon {\n  font-size: 32px;\n  color: #ffffff;\n  min-width: 44px;\n  min-height: 44px;\n  line-height: 44px;\n  border-radius: 100px;\n  border-style: solid;\n  border-width: 0px;\n}\n.dt-icon-bg-on.shortcode-single-image-wrap.shortcode-single-image-a73139046fb27e119493deb6f9062a0d .rollover-icon {\n  background: rgba(255,255,255,0.3);\n  -webkit-box-shadow: none;\n  box-shadow: none;\n}\n<\/style><div class=\"shortcode-single-image-wrap shortcode-single-image-a73139046fb27e119493deb6f9062a0d alignnone  vc_custom_1543929701209 enable-bg-rollover dt-icon-bg-off\" ><div class=\"shortcode-single-image\"><div class=\"fancy-media-wrap  layzr-bg\" style=\"\"><img decoding=\"async\" class=\"preload-me lazy-load aspect\" src=\"data:image\/svg+xml,%3Csvg%20xmlns%3D&#39;http%3A%2F%2Fwww.w3.org%2F2000%2Fsvg&#39;%20viewBox%3D&#39;0%200%20220%20146&#39;%2F%3E\" data-src=\"https:\/\/inspectionsrodrigues.com\/fr\/wp-content\/uploads\/2018\/12\/commecrial-inspection-rodrigues-3.jpg\" data-srcset=\"https:\/\/inspectionsrodrigues.com\/fr\/wp-content\/uploads\/2018\/12\/commecrial-inspection-rodrigues-3.jpg 220w\" loading=\"eager\" sizes=\"(max-width: 220px) 100vw, 220px\" width=\"220\" height=\"146\"  data-dt-location=\"https:\/\/inspectionsrodrigues.com\/fr\/services\/inspections-commerciales\/commecrial-inspection-rodrigues-3\/\" style=\"--ratio: 220 \/ 146;\" alt=\"\" \/><\/div><\/div><\/div>[vc_column_text]<\/p>\n<ul>\n<li style=\"list-style-type: none;\">\n<ul>\n<li>\u00c9coles<\/li>\n<li>H\u00f4tels et motels<\/li>\n<li>Entrep\u00f4ts<\/li>\n<li>\u00c9glises, synagogues et mosqu\u00e9es<\/li>\n<li>Restaurants<\/li>\n<li>Garderies<\/li>\n<\/ul>\n<\/li>\n<\/ul>\n<p>[\/vc_column_text][\/vc_column][vc_column width=&#8221;1\/3&#8243;]<style type=\"text\/css\" data-type=\"the7_shortcodes-inline-css\">.shortcode-single-image-wrap.shortcode-single-image-bb64f95331208d4f1acf80fc62bfbeb6.enable-bg-rollover .rollover i,\n.shortcode-single-image-wrap.shortcode-single-image-bb64f95331208d4f1acf80fc62bfbeb6.enable-bg-rollover .rollover-video i {\n  background: ;\n  background: -webkit-linear-gradient();\n  background: linear-gradient();\n}\n.shortcode-single-image-wrap.shortcode-single-image-bb64f95331208d4f1acf80fc62bfbeb6 .rollover-icon {\n  font-size: 32px;\n  color: #ffffff;\n  min-width: 44px;\n  min-height: 44px;\n  line-height: 44px;\n  border-radius: 100px;\n  border-style: solid;\n  border-width: 0px;\n}\n.dt-icon-bg-on.shortcode-single-image-wrap.shortcode-single-image-bb64f95331208d4f1acf80fc62bfbeb6 .rollover-icon {\n  background: rgba(255,255,255,0.3);\n  -webkit-box-shadow: none;\n  box-shadow: none;\n}\n<\/style><div class=\"shortcode-single-image-wrap shortcode-single-image-bb64f95331208d4f1acf80fc62bfbeb6 alignnone  vc_custom_1543929732028 enable-bg-rollover dt-icon-bg-off\" ><div class=\"shortcode-single-image\"><div class=\"fancy-media-wrap  layzr-bg\" style=\"\"><img decoding=\"async\" class=\"preload-me lazy-load aspect\" src=\"data:image\/svg+xml,%3Csvg%20xmlns%3D&#39;http%3A%2F%2Fwww.w3.org%2F2000%2Fsvg&#39;%20viewBox%3D&#39;0%200%20220%20146&#39;%2F%3E\" data-src=\"https:\/\/inspectionsrodrigues.com\/fr\/wp-content\/uploads\/2018\/12\/commecrial-inspection-rodrigues-2.jpg\" data-srcset=\"https:\/\/inspectionsrodrigues.com\/fr\/wp-content\/uploads\/2018\/12\/commecrial-inspection-rodrigues-2.jpg 220w\" loading=\"eager\" sizes=\"(max-width: 220px) 100vw, 220px\" width=\"220\" height=\"146\"  data-dt-location=\"https:\/\/inspectionsrodrigues.com\/fr\/services\/inspections-commerciales\/commecrial-inspection-rodrigues-2\/\" style=\"--ratio: 220 \/ 146;\" alt=\"\" \/><\/div><\/div><\/div>[vc_column_text]<\/p>\n<ul>\n<li style=\"list-style-type: none;\">\n<ul>\n<li>Immeubles commerciaux<\/li>\n<li>Immeubles d&#8217;habitation<\/li>\n<li>Condominiums<\/li>\n<li>Immeubles \u00e0 bureaux (en bande ou en hauteur)<\/li>\n<li>Garages<\/li>\n<li>Devantures de magasin<\/li>\n<li>Magasins<\/li>\n<li>Mails lin\u00e9aires<\/li>\n<\/ul>\n<\/li>\n<\/ul>\n<p>[\/vc_column_text][\/vc_column][vc_column width=&#8221;1\/3&#8243;]<style type=\"text\/css\" data-type=\"the7_shortcodes-inline-css\">.shortcode-single-image-wrap.shortcode-single-image-ce3517ab55574c1124eaf16f9ea9e94f.enable-bg-rollover .rollover i,\n.shortcode-single-image-wrap.shortcode-single-image-ce3517ab55574c1124eaf16f9ea9e94f.enable-bg-rollover .rollover-video i {\n  background: ;\n  background: -webkit-linear-gradient();\n  background: linear-gradient();\n}\n.shortcode-single-image-wrap.shortcode-single-image-ce3517ab55574c1124eaf16f9ea9e94f .rollover-icon {\n  font-size: 32px;\n  color: #ffffff;\n  min-width: 44px;\n  min-height: 44px;\n  line-height: 44px;\n  border-radius: 100px;\n  border-style: solid;\n  border-width: 0px;\n}\n.dt-icon-bg-on.shortcode-single-image-wrap.shortcode-single-image-ce3517ab55574c1124eaf16f9ea9e94f .rollover-icon {\n  background: rgba(255,255,255,0.3);\n  -webkit-box-shadow: none;\n  box-shadow: none;\n}\n<\/style><div class=\"shortcode-single-image-wrap shortcode-single-image-ce3517ab55574c1124eaf16f9ea9e94f alignnone  vc_custom_1543929752472 enable-bg-rollover dt-icon-bg-off\" ><div class=\"shortcode-single-image\"><div class=\"fancy-media-wrap  layzr-bg\" style=\"\"><img decoding=\"async\" class=\"preload-me lazy-load aspect\" src=\"data:image\/svg+xml,%3Csvg%20xmlns%3D&#39;http%3A%2F%2Fwww.w3.org%2F2000%2Fsvg&#39;%20viewBox%3D&#39;0%200%20220%20146&#39;%2F%3E\" data-src=\"https:\/\/inspectionsrodrigues.com\/fr\/wp-content\/uploads\/2018\/12\/commecrial-inspection-rodrigues-1.jpg\" data-srcset=\"https:\/\/inspectionsrodrigues.com\/fr\/wp-content\/uploads\/2018\/12\/commecrial-inspection-rodrigues-1.jpg 220w\" loading=\"eager\" sizes=\"(max-width: 220px) 100vw, 220px\" width=\"220\" height=\"146\"  data-dt-location=\"https:\/\/inspectionsrodrigues.com\/fr\/services\/inspections-commerciales\/commecrial-inspection-rodrigues-1\/\" style=\"--ratio: 220 \/ 146;\" alt=\"\" \/><\/div><\/div><\/div>[vc_column_text]<\/p>\n<ul>\n<li style=\"list-style-type: none;\">\n<ul>\n<li>Th\u00e9\u00e2tres<\/li>\n<li>Maisons de repos<\/li>\n<li>Complexes commerciaux<\/li>\n<li>Maisons de retraite<\/li>\n<li>\u00c9difices industriels<\/li>\n<li>Parcs industriels<\/li>\n<li>Entrep\u00f4ts<\/li>\n<li>Usines<\/li>\n<\/ul>\n<\/li>\n<\/ul>\n<p>[\/vc_column_text][\/vc_column][\/vc_row][vc_row css=&#8221;.vc_custom_1543403787796{padding-top: 50px !important;}&#8221;][vc_column]<div id=\"ultimate-heading-870169d1cce44b856\" class=\"uvc-heading ult-adjust-bottom-margin ultimate-heading-870169d1cce44b856 uvc-259 accent-border-color\" data-hspacer=\"line_only\"  data-halign=\"left\" style=\"text-align:left\"><div class=\"uvc-main-heading ult-responsive\"  data-ultimate-target='.uvc-heading.ultimate-heading-870169d1cce44b856 h3'  data-responsive-json-new='{\"font-size\":\"desktop:26px;\",\"line-height\":\"desktop:36px;\"}' ><h3 style=\"font-weight:bold;\">\u00c9valuation continue de la construction :<\/h3><\/div><div class=\"uvc-heading-spacer line_only\" style=\"margin-top:15px;margin-bottom:30px;height:4px;\"><span class=\"uvc-headings-line\" style=\"border-style:solid;border-bottom-width:4px;border-color:;width:50px;\"><\/span><\/div><\/div>[\/vc_column][\/vc_row][vc_row][vc_column][vc_column_text]<strong><img loading=\"lazy\" decoding=\"async\" class=\"alignright size-medium wp-image-1219\" src=\"https:\/\/inspectionsrodrigues.com\/wordpress\/wp-content\/uploads\/2018\/12\/commercial-inspections-214x300.jpg\" alt=\"\" width=\"214\" height=\"300\" srcset=\"https:\/\/inspectionsrodrigues.com\/fr\/wp-content\/uploads\/2018\/12\/commercial-inspections-214x300.jpg 214w, https:\/\/inspectionsrodrigues.com\/fr\/wp-content\/uploads\/2018\/12\/commercial-inspections.jpg 238w\" sizes=\"auto, (max-width: 214px) 100vw, 214px\" \/>Vous apportez des am\u00e9liorations \u00e0 votre entrep\u00f4t? Vous agrandissez un b\u00e2timent existant?<\/strong><\/p>\n<p>Consid\u00e9rez alors un service d\u2019inspection certifi\u00e9 qui examinera le site de la construction avant, pendant et apr\u00e8s l\u2019ach\u00e8vement des travaux afin de vous assurer du respect des normes appropri\u00e9es.[\/vc_column_text][\/vc_column][\/vc_row]<\/p>\n<\/div>","protected":false},"excerpt":{"rendered":"<p>[vc_row type=&#8221;vc_default&#8221; css=&#8221;.vc_custom_1474268037787{margin-bottom: -30px !important;padding-bottom: 30px !important;}&#8221;][vc_column offset=&#8221;vc_col-lg-12 vc_col-md-12 vc_col-xs-12&#8243;][vc_column_text css=&#8221;.vc_custom_1544022884006{padding-bottom: 60px !important;}&#8221;]Prot\u00e9gez-vous contre des probl\u00e8mes majeurs pouvant causer des temps d&#8217;indisponibilit\u00e9 et un fardeau financier pour votre compagnie. Inspections Joe Rodrigues inc. offre des services d\u2019inspection d\u2019immeubles commerciaux \u00e0 Laval, sur la Rive-Sud et \u00e0 Montr\u00e9al. Si vous achetez une propri\u00e9t\u00e9 commerciale, louez un&hellip;<\/p>\n","protected":false},"author":1,"featured_media":0,"parent":27,"menu_order":0,"comment_status":"closed","ping_status":"closed","template":"","meta":{"footnotes":""},"class_list":["post-1210","page","type-page","status-publish","hentry","description-off"],"_links":{"self":[{"href":"https:\/\/inspectionsrodrigues.com\/fr\/wp-json\/wp\/v2\/pages\/1210","targetHints":{"allow":["GET"]}}],"collection":[{"href":"https:\/\/inspectionsrodrigues.com\/fr\/wp-json\/wp\/v2\/pages"}],"about":[{"href":"https:\/\/inspectionsrodrigues.com\/fr\/wp-json\/wp\/v2\/types\/page"}],"author":[{"embeddable":true,"href":"https:\/\/inspectionsrodrigues.com\/fr\/wp-json\/wp\/v2\/users\/1"}],"replies":[{"embeddable":true,"href":"https:\/\/inspectionsrodrigues.com\/fr\/wp-json\/wp\/v2\/comments?post=1210"}],"version-history":[{"count":0,"href":"https:\/\/inspectionsrodrigues.com\/fr\/wp-json\/wp\/v2\/pages\/1210\/revisions"}],"up":[{"embeddable":true,"href":"https:\/\/inspectionsrodrigues.com\/fr\/wp-json\/wp\/v2\/pages\/27"}],"wp:attachment":[{"href":"https:\/\/inspectionsrodrigues.com\/fr\/wp-json\/wp\/v2\/media?parent=1210"}],"curies":[{"name":"wp","href":"https:\/\/api.w.org\/{rel}","templated":true}]}}