{"id":1188,"date":"2018-12-03T14:43:55","date_gmt":"2018-12-03T14:43:55","guid":{"rendered":"https:\/\/inspectionsrodrigues.com\/wordpress\/?page_id=1188"},"modified":"2020-12-16T14:05:55","modified_gmt":"2020-12-16T14:05:55","slug":"michael-rodrigues","status":"publish","type":"page","link":"https:\/\/inspectionsrodrigues.com\/fr\/michael-rodrigues\/","title":{"rendered":"Michael Rodrigues"},"content":{"rendered":"<div class=\"wpb-content-wrapper\"><p>[vc_row][vc_column width=&#8221;2\/3&#8243;]<div id=\"ultimate-heading-960869ecfaa69e736\" class=\"uvc-heading ult-adjust-bottom-margin ultimate-heading-960869ecfaa69e736 uvc-3386 accent-border-color\" data-hspacer=\"line_only\"  data-halign=\"left\" style=\"text-align:left\"><div class=\"uvc-main-heading ult-responsive\"  data-ultimate-target='.uvc-heading.ultimate-heading-960869ecfaa69e736 h2'  data-responsive-json-new='{\"font-size\":\"desktop:26px;\",\"line-height\":\"desktop:36px;\"}' ><h2 style=\"font-weight:bold;\">Inspecteur de domiciles \u00e0 Montr\u00e9al<\/h2><\/div><div class=\"uvc-heading-spacer line_only\" style=\"margin-top:15px;margin-bottom:50px;height:4px;\"><span class=\"uvc-headings-line\" style=\"border-style:solid;border-bottom-width:4px;border-color:;width:50px;\"><\/span><\/div><\/div>[vc_column_text]D\u00e8s son plus jeune \u00e2ge, Michael Rodrigues savait qu\u2019il transformerait les activit\u00e9s de son p\u00e8re en une entreprise p\u00e8re-fils. Il a obtenu son dipl\u00f4me technique avec sp\u00e9cialit\u00e9 en formation d\u2019inspection et a travaill\u00e9 quelque temps dans le secteur de la r\u00e9novation, une exp\u00e9rience qui lui a permis d\u2019am\u00e9liorer ses comp\u00e9tences dans le domaine de l\u2019inspection.<\/p>\n<p>Michael Rodrigues a r\u00e9alis\u00e9 des milliers d\u2019inspections, il a d\u00e9velopp\u00e9 une approche ax\u00e9e sur les d\u00e9tails qui lui a donn\u00e9 ce sens inn\u00e9 qui lui permet de d\u00e9tecter les probl\u00e8mes actuels et \u00e9ventuels dans les \u00e9difices qu\u2019il inspecte.<\/p>\n<p>Tout comme son p\u00e8re, il croit fermement en une formation et un apprentissage continus et il se fait un devoir de participer aux conf\u00e9rences annuelles pour inspecteurs en b\u00e2timent o\u00f9 il peut apprendre les meilleures pratiques et se maintenir au fait des nouveaut\u00e9s de l\u2019industrie.<\/p>\n<p>Il partage le point de vue de son p\u00e8re en mati\u00e8re de communication qu\u2019il consid\u00e8re comme la pierre angulaire d\u2019une entreprise qui r\u00e9ussit, une approche confirm\u00e9e par les nombreux t\u00e9moignages de clients satisfaits.<\/p>\n<ul>\n<li>Dipl\u00f4me coll\u00e9gial en technique<\/li>\n<li>Suit les normes de l&#8217;ASHI et de l&#8217;AIBQ<\/li>\n<li>Membre de AIBQ<\/li>\n<li>Participe aux conf\u00e9rences annuelles d\u2019inspecteurs en b\u00e2timent<\/li>\n<li>Inspecteur en thermographie certifi\u00e9<\/li>\n<li>Membre de interNACHI<\/li>\n<\/ul>\n<p>[\/vc_column_text][\/vc_column][vc_column width=&#8221;1\/3&#8243;]<style type=\"text\/css\" data-type=\"the7_shortcodes-inline-css\">.shortcode-single-image-wrap.shortcode-single-image-bc828b4800cee9282639fc2edf070874.enable-bg-rollover .rollover i,\n.shortcode-single-image-wrap.shortcode-single-image-bc828b4800cee9282639fc2edf070874.enable-bg-rollover .rollover-video i {\n  background: -webkit-linear-gradient();\n  background: linear-gradient();\n}\n.shortcode-single-image-wrap.shortcode-single-image-bc828b4800cee9282639fc2edf070874 .rollover-icon {\n  font-size: 32px;\n  color: #ffffff;\n  min-width: 44px;\n  min-height: 44px;\n  line-height: 44px;\n  border-radius: 100px;\n  border-style: solid;\n  border-width: 0px;\n}\n.dt-icon-bg-on.shortcode-single-image-wrap.shortcode-single-image-bc828b4800cee9282639fc2edf070874 .rollover-icon {\n  background: rgba(255,255,255,0.3);\n  box-shadow: none;\n}<\/style><div class=\"shortcode-single-image-wrap shortcode-single-image-bc828b4800cee9282639fc2edf070874 alignnone  vc_custom_1543848122121 enable-bg-rollover dt-icon-bg-off\" ><div class=\"shortcode-single-image\"><div class=\"fancy-media-wrap  layzr-bg\" style=\"\"><img fetchpriority=\"high\" decoding=\"async\" class=\"preload-me lazy-load aspect\" src=\"data:image\/svg+xml,%3Csvg%20xmlns%3D&#39;http%3A%2F%2Fwww.w3.org%2F2000%2Fsvg&#39;%20viewBox%3D&#39;0%200%20280%20425&#39;%2F%3E\" data-src=\"https:\/\/inspectionsrodrigues.com\/fr\/wp-content\/uploads\/2018\/12\/michael-rodrigues-inspecteur-en-batiment-min.jpg\" data-srcset=\"https:\/\/inspectionsrodrigues.com\/fr\/wp-content\/uploads\/2018\/12\/michael-rodrigues-inspecteur-en-batiment-min.jpg 280w\" loading=\"eager\" sizes=\"(max-width: 280px) 100vw, 280px\" width=\"280\" height=\"425\"  data-dt-location=\"https:\/\/inspectionsrodrigues.com\/fr\/michael-rodrigues\/michael-rodrigues-inspecteur-en-batiment-min\/\" style=\"--ratio: 280 \/ 425;\" alt=\"\" \/><\/div><\/div><\/div>[\/vc_column][\/vc_row][vc_row css=&#8221;.vc_custom_1543848746561{padding-top: 50px !important;padding-bottom: 50px !important;}&#8221;][vc_column width=&#8221;2\/3&#8243;]<div id=\"ultimate-heading-40669ecfaa6a08e1\" class=\"uvc-heading ult-adjust-bottom-margin ultimate-heading-40669ecfaa6a08e1 uvc-1486 accent-border-color uvc-heading-default-font-sizes\" data-hspacer=\"line_only\"  data-halign=\"left\" style=\"text-align:left\"><div class=\"uvc-main-heading ult-responsive\"  data-ultimate-target='.uvc-heading.ultimate-heading-40669ecfaa6a08e1 h3'  data-responsive-json-new='{\"font-size\":\"\",\"line-height\":\"\"}' ><h3 style=\"font-weight:bold;\">Fier membre de<\/h3><\/div><div class=\"uvc-heading-spacer line_only\" style=\"margin-top:15px;margin-bottom:50px;height:4px;\"><span class=\"uvc-headings-line\" style=\"border-style:solid;border-bottom-width:4px;border-color:;width:50px;\"><\/span><\/div><\/div><style type=\"text\/css\" data-type=\"the7_shortcodes-inline-css\">.shortcode-single-image-wrap.shortcode-single-image-0b8950152b7a06fbc42a569cafc7dd64.enable-bg-rollover .rollover i,\n.shortcode-single-image-wrap.shortcode-single-image-0b8950152b7a06fbc42a569cafc7dd64.enable-bg-rollover .rollover-video i {\n  background: -webkit-linear-gradient();\n  background: linear-gradient();\n}\n.shortcode-single-image-wrap.shortcode-single-image-0b8950152b7a06fbc42a569cafc7dd64 .rollover-icon {\n  font-size: 32px;\n  color: #ffffff;\n  min-width: 44px;\n  min-height: 44px;\n  line-height: 44px;\n  border-radius: 100px;\n  border-style: solid;\n  border-width: 0px;\n}\n.dt-icon-bg-on.shortcode-single-image-wrap.shortcode-single-image-0b8950152b7a06fbc42a569cafc7dd64 .rollover-icon {\n  background: rgba(255,255,255,0.3);\n  box-shadow: none;\n}<\/style><div class=\"shortcode-single-image-wrap shortcode-single-image-0b8950152b7a06fbc42a569cafc7dd64 alignleft  vc_custom_1608127550393 enable-bg-rollover dt-icon-bg-off\" ><div class=\"shortcode-single-image\"><div class=\"fancy-media-wrap  layzr-bg\" style=\"\"><img decoding=\"async\" class=\"preload-me lazy-load aspect\" src=\"data:image\/svg+xml,%3Csvg%20xmlns%3D&#39;http%3A%2F%2Fwww.w3.org%2F2000%2Fsvg&#39;%20viewBox%3D&#39;0%200%2075%20110&#39;%2F%3E\" data-src=\"https:\/\/inspectionsrodrigues.com\/fr\/wp-content\/uploads\/2020\/12\/InterNachi-AIIICQ_logo-min.png\" data-srcset=\"https:\/\/inspectionsrodrigues.com\/fr\/wp-content\/uploads\/2020\/12\/InterNachi-AIIICQ_logo-min.png 75w\" loading=\"eager\" sizes=\"(max-width: 75px) 100vw, 75px\" width=\"75\" height=\"110\"  data-dt-location=\"https:\/\/inspectionsrodrigues.com\/fr\/home\/internachi-aiiicq_logo-min\/\" style=\"--ratio: 75 \/ 110;\" alt=\"\" \/><\/div><\/div><\/div>[\/vc_column][vc_column width=&#8221;1\/3&#8243;]<div class=\"aio-icon-component  vc_custom_1543848494200   style_1\"><a class=\"aio-icon-box-link\" href=\"tel:5146306352\" target=\"_blank\" rel=\"noopener\" ><div id=\"Info-box-wrap-9393\" class=\"aio-icon-box default-icon\" style=\"\"  ><div class=\"aio-icon-default\"><div class=\"ult-just-icon-wrapper  \"><div class=\"align-icon\" style=\"text-align:center;\">\n<div class=\"aio-icon none \"  style=\"color:#333;font-size:24px;display:inline-block;\">\n\t<i class=\"Defaults-phone-square\"><\/i>\n<\/div><\/div><\/div><\/div><div class=\"aio-icon-header\" ><h3 class=\"aio-icon-title ult-responsive\"  data-ultimate-target='#Info-box-wrap-9393 .aio-icon-title'  data-responsive-json-new='{\"font-size\":\"\",\"line-height\":\"\"}'  style=\"\">(514) 630-6352<\/h3><\/div> <!-- header --><\/div> <!-- aio-icon-box --><\/a><\/div> <!-- aio-icon-component --><div class=\"aio-icon-component  vc_custom_1543847479411   style_1\"><a class=\"aio-icon-box-link\" href=\"mailto:info@inspectionsrodrigues.com\" target=\"_blank\" rel=\"noopener\" ><div id=\"Info-box-wrap-3812\" class=\"aio-icon-box default-icon\" style=\"\"  ><div class=\"aio-icon-default\"><div class=\"ult-just-icon-wrapper  \"><div class=\"align-icon\" style=\"text-align:center;\">\n<div class=\"aio-icon none \"  style=\"color:#333;font-size:24px;display:inline-block;\">\n\t<i class=\"Defaults-envelope\"><\/i>\n<\/div><\/div><\/div><\/div><div class=\"aio-icon-header\" ><h3 class=\"aio-icon-title ult-responsive\"  data-ultimate-target='#Info-box-wrap-3812 .aio-icon-title'  data-responsive-json-new='{\"font-size\":\"\",\"line-height\":\"\"}'  style=\"\">info@inspectionsrodrigues.com<\/h3><\/div> <!-- header --><\/div> <!-- aio-icon-box --><\/a><\/div> <!-- aio-icon-component -->[\/vc_column][\/vc_row][vc_row bg_type=&#8221;image&#8221; parallax_style=&#8221;vcpb-vz-jquery&#8221; bg_image_new=&#8221;id^1068|url^https:\/\/inspectionsrodrigues.com\/wordpress\/wp-content\/uploads\/2018\/11\/Home-Inspection-Report-min.jpg|caption^null|alt^null|title^Home-Inspection-Report-min|description^null&#8221; bg_image_repeat=&#8221;no-repeat&#8221; bg_override=&#8221;ex-full&#8221; enable_overlay=&#8221;enable_overlay_value&#8221; overlay_color=&#8221;rgba(0,0,0,0.6)&#8221; type=&#8221;vc_default&#8221; css=&#8221;.vc_custom_1543847675567{padding-top: 70px !important;padding-bottom: 80px !important;}&#8221;][vc_column width=&#8221;2\/3&#8243;]<div id=\"ultimate-heading-550369ecfaa6a1bd2\" class=\"uvc-heading ult-adjust-bottom-margin ultimate-heading-550369ecfaa6a1bd2 uvc-2575 \" data-hspacer=\"no_spacer\"  data-halign=\"left\" style=\"text-align:left\"><div class=\"uvc-heading-spacer no_spacer\" style=\"top\"><\/div><div class=\"uvc-main-heading ult-responsive\"  data-ultimate-target='.uvc-heading.ultimate-heading-550369ecfaa6a1bd2 h2'  data-responsive-json-new='{\"font-size\":\"desktop:32px;\",\"line-height\":\"desktop:42px;\"}' ><h2 style=\"font-weight:bold;color:#ffffff;margin-bottom:20px;\">Rapport d\u2019inspection domiciliaire<\/h2><\/div><div class=\"uvc-sub-heading ult-responsive\"  data-ultimate-target='.uvc-heading.ultimate-heading-550369ecfaa6a1bd2 .uvc-sub-heading '  data-responsive-json-new='{\"font-size\":\"desktop:18px;\",\"line-height\":\"desktop:30px;\"}'  style=\"font-weight:normal;color:#ffffff;margin-bottom:30px;\">Nous voulons que vous soyez pr\u00e9sent afin que nous puissions vous remettre un rapport \u00e9crit et vous offrir un examen verbal et visuel \u00e0 la fin de l\u2019inspection. Le fait de simplement lire \u00e0 propos des probl\u00e8mes ne v\u00e9hicule pas correctement la gravit\u00e9 et les implications de ce que nous avons identifi\u00e9.<\/div><\/div><style type=\"text\/css\" data-type=\"the7_shortcodes-inline-css\">#default-btn-a88f185d628cf1e1b5b1ac9305d7788a.ico-right-side > i {\n  margin-right: 0px;\n  margin-left: 8px;\n}\n#default-btn-a88f185d628cf1e1b5b1ac9305d7788a > i {\n  margin-right: 8px;\n}<\/style><a href=\"https:\/\/inspectionsrodrigues.com\/fr\/rapport-d-inspection.pdf\" class=\"default-btn-shortcode dt-btn dt-btn-m link-hover-off btn-inline-left \" target=\"_blank\" id=\"default-btn-a88f185d628cf1e1b5b1ac9305d7788a\" rel=\"noopener\"><span>Voir un exemple de rapport<\/span><\/a>[\/vc_column][\/vc_row]<\/p>\n<\/div>","protected":false},"excerpt":{"rendered":"<p>[vc_row][vc_column width=&#8221;2\/3&#8243;][vc_column_text]D\u00e8s son plus jeune \u00e2ge, Michael Rodrigues savait qu\u2019il transformerait les activit\u00e9s de son p\u00e8re en une entreprise p\u00e8re-fils. Il a obtenu son dipl\u00f4me technique avec sp\u00e9cialit\u00e9 en formation d\u2019inspection et a travaill\u00e9 quelque temps dans le secteur de la r\u00e9novation, une exp\u00e9rience qui lui a permis d\u2019am\u00e9liorer ses comp\u00e9tences dans le domaine de&hellip;<\/p>\n","protected":false},"author":1,"featured_media":0,"parent":0,"menu_order":1,"comment_status":"closed","ping_status":"closed","template":"","meta":{"footnotes":""},"class_list":["post-1188","page","type-page","status-publish","hentry","description-off"],"_links":{"self":[{"href":"https:\/\/inspectionsrodrigues.com\/fr\/wp-json\/wp\/v2\/pages\/1188","targetHints":{"allow":["GET"]}}],"collection":[{"href":"https:\/\/inspectionsrodrigues.com\/fr\/wp-json\/wp\/v2\/pages"}],"about":[{"href":"https:\/\/inspectionsrodrigues.com\/fr\/wp-json\/wp\/v2\/types\/page"}],"author":[{"embeddable":true,"href":"https:\/\/inspectionsrodrigues.com\/fr\/wp-json\/wp\/v2\/users\/1"}],"replies":[{"embeddable":true,"href":"https:\/\/inspectionsrodrigues.com\/fr\/wp-json\/wp\/v2\/comments?post=1188"}],"version-history":[{"count":0,"href":"https:\/\/inspectionsrodrigues.com\/fr\/wp-json\/wp\/v2\/pages\/1188\/revisions"}],"wp:attachment":[{"href":"https:\/\/inspectionsrodrigues.com\/fr\/wp-json\/wp\/v2\/media?parent=1188"}],"curies":[{"name":"wp","href":"https:\/\/api.w.org\/{rel}","templated":true}]}}