{"id":1169,"date":"2016-06-23T11:12:53","date_gmt":"2016-06-23T10:12:53","guid":{"rendered":"https:\/\/the7.io\/construction\/?page_id=154"},"modified":"2019-11-04T14:22:25","modified_gmt":"2019-11-04T14:22:25","slug":"joe-rodrigues","status":"publish","type":"page","link":"https:\/\/inspectionsrodrigues.com\/fr\/joe-rodrigues\/","title":{"rendered":"Joe Rodrigues"},"content":{"rendered":"<div class=\"wpb-content-wrapper\"><p>[vc_row][vc_column width=&#8221;2\/3&#8243;]<div id=\"ultimate-heading-203569ece10065c00\" class=\"uvc-heading ult-adjust-bottom-margin ultimate-heading-203569ece10065c00 uvc-8438 accent-border-color\" data-hspacer=\"line_only\"  data-halign=\"left\" style=\"text-align:left\"><div class=\"uvc-main-heading ult-responsive\"  data-ultimate-target='.uvc-heading.ultimate-heading-203569ece10065c00 h2'  data-responsive-json-new='{\"font-size\":\"desktop:26px;\",\"line-height\":\"desktop:36px;\"}' ><h2 style=\"font-weight:bold;\">Joe Rodrigues B. Ing., M.B.A. - Ing\u00e9nieur en Structure et Civil<\/h2><\/div><div class=\"uvc-heading-spacer line_only\" style=\"margin-top:15px;margin-bottom:50px;height:4px;\"><span class=\"uvc-headings-line\" style=\"border-style:solid;border-bottom-width:4px;border-color:;width:50px;\"><\/span><\/div><\/div>[vc_column_text css=&#8221;.vc_custom_1544527350820{padding-bottom: 30px !important;}&#8221;]La carri\u00e8re de M. Rodrigues en tant qu\u2019inspecteur a d\u00e9but\u00e9 en 1979 avec l\u2019obtention de son dipl\u00f4me d\u2019ing\u00e9nieur civil et en technique de construction. Quelques ann\u00e9es plus tard, en 1987, il a fond\u00e9 la compagnie Rodrigues Inspections et, depuis lors, a touch\u00e9 \u00e0 tous les aspects de l\u2019inspection domiciliaire, quels que soient la forme et la grosseur des r\u00e9sidences et l\u2019\u00e9tat des r\u00e9parations et des dommages.<\/p>\n<h3>Inspecteur en b\u00e2timent \u00e0 Montr\u00e9al<\/h3>\n<p>Joe Rodrigues souscrit pleinement \u00e0 une formation et un apprentissage continus et cette philosophie est partie int\u00e9grante des activit\u00e9s de cette entreprise parent-fils. Bien qu\u2019il ait effectu\u00e9 des milliers d\u2019inspections r\u00e9sidentielles et commerciales au cours de sa carri\u00e8re, Joe Rodrigues n\u2019a de cesse d\u2019investir dans un apprentissage continu sur une base r\u00e9guli\u00e8re annuelle.<\/p>\n<p>En d\u00e9pit de comp\u00e9tences techniques acquises et peaufin\u00e9es au cours de nombreuses d\u00e9cennies, il croit que la qualit\u00e9 des communications est la pierre angulaire sur laquelle repose le succ\u00e8s d\u2019une entreprise. Comme il l\u2019explique : \u00ab Une inspection est inutile si le client n\u2019en comprend pas les r\u00e9sultats. \u00bb<\/p>\n<p>C \u2019est le fondement de la philosophie d\u2019entreprise derri\u00e8re l\u2019exp\u00e9rience de sa client\u00e8le : \u00ab Il est \u00e9vident que nous devons \u00eatre excellents sur le plan technique, mais nous devons \u00eatre aussi de tr\u00e8s bons communicateurs. \u00bb[\/vc_column_text]<style type=\"text\/css\" data-type=\"the7_shortcodes-inline-css\">#default-btn-d6d423a452c1d5d29ba9e736adae6518 {\n  border-radius: 1px;\n  font-size: 14px;\n  line-height: 16px;\n}\n.btn-shadow#default-btn-d6d423a452c1d5d29ba9e736adae6518 {\n  box-shadow: 0 1px 6px rgba(0,0,0,0.12);\n  transition: box-shadow 0.2s ease-out, opacity 0.45s;\n}\n.btn-shadow#default-btn-d6d423a452c1d5d29ba9e736adae6518:hover {\n  box-shadow: 0 5px 11px 0 rgba(0,0,0,0.18), 0 4px 15px 0 rgba(0,0,0,0.15);\n}\n.btn-3d#default-btn-d6d423a452c1d5d29ba9e736adae6518 {\n  box-shadow: 0px 2px 0px 0px #781212;\n}\n.btn-3d#default-btn-d6d423a452c1d5d29ba9e736adae6518:hover {\n  box-shadow: 0px 2px 0px 0px #0a0a0a;\n}\n.btn-flat#default-btn-d6d423a452c1d5d29ba9e736adae6518 {\n  box-shadow: none;\n}\n.btn-flat#default-btn-d6d423a452c1d5d29ba9e736adae6518:hover {\n  box-shadow: none;\n}\n#default-btn-d6d423a452c1d5d29ba9e736adae6518.ico-right-side > i {\n  margin-right: 0px;\n  margin-left: 8px;\n}\n#default-btn-d6d423a452c1d5d29ba9e736adae6518 > i {\n  margin-right: 8px;\n  font-size: 14px;\n}\n#default-btn-d6d423a452c1d5d29ba9e736adae6518:not(:hover) {\n  border-width: 0px;\n  color: #ffffff;\n  background: #c10606 !important;\n  padding: 12px 18px 12px 18px;\n}\n#default-btn-d6d423a452c1d5d29ba9e736adae6518:not(:hover) * {\n  color: #ffffff;\n}\n#default-btn-d6d423a452c1d5d29ba9e736adae6518:hover {\n  border-width: 0px;\n  color: #ffffff;\n  background: #292929 !important;\n  padding: 12px 18px 12px 18px;\n}\n#default-btn-d6d423a452c1d5d29ba9e736adae6518:hover * {\n  color: #ffffff;\n}\n#default-btn-d6d423a452c1d5d29ba9e736adae6518.ico-right-side > i {\n  margin-right: 0px;\n  margin-left: 8px;\n}\n#default-btn-d6d423a452c1d5d29ba9e736adae6518 > i {\n  margin-right: 8px;\n}<\/style><div class=\"btn-align-center\"><a href=\"https:\/\/inspectionsrodrigues.com\/fr\/wp-content\/uploads\/2018\/12\/SewerScan-Completion-Certificate-Joe-Rodrigues.pdf\" class=\"default-btn-shortcode dt-btn link-hover-off full-width-btn btn-flat \" target=\"_blank\" id=\"default-btn-d6d423a452c1d5d29ba9e736adae6518\" rel=\"noopener\"><i class=\"fas fa-caret-right\"><\/i><span>Certificat d&#8217;ach\u00e8vement du SewerScan &#8211; Joe Rodrigues<\/span><\/a><\/div>[\/vc_column][vc_column width=&#8221;1\/3&#8243;]<style type=\"text\/css\" data-type=\"the7_shortcodes-inline-css\">.shortcode-single-image-wrap.shortcode-single-image-0f83493cb76e41b89e6312e5cbe9ef49.enable-bg-rollover .rollover i,\n.shortcode-single-image-wrap.shortcode-single-image-0f83493cb76e41b89e6312e5cbe9ef49.enable-bg-rollover .rollover-video i {\n  background: -webkit-linear-gradient();\n  background: linear-gradient();\n}\n.shortcode-single-image-wrap.shortcode-single-image-0f83493cb76e41b89e6312e5cbe9ef49 .rollover-icon {\n  font-size: 32px;\n  color: #ffffff;\n  min-width: 44px;\n  min-height: 44px;\n  line-height: 44px;\n  border-radius: 100px;\n  border-style: solid;\n  border-width: 0px;\n}\n.dt-icon-bg-on.shortcode-single-image-wrap.shortcode-single-image-0f83493cb76e41b89e6312e5cbe9ef49 .rollover-icon {\n  background: rgba(255,255,255,0.3);\n  box-shadow: none;\n}<\/style><div class=\"shortcode-single-image-wrap shortcode-single-image-0f83493cb76e41b89e6312e5cbe9ef49 alignnone  vc_custom_1543846403141 enable-bg-rollover dt-icon-bg-off\" ><div class=\"shortcode-single-image\"><div class=\"fancy-media-wrap  layzr-bg\" style=\"\"><img fetchpriority=\"high\" decoding=\"async\" class=\"preload-me lazy-load aspect\" src=\"data:image\/svg+xml,%3Csvg%20xmlns%3D&#39;http%3A%2F%2Fwww.w3.org%2F2000%2Fsvg&#39;%20viewBox%3D&#39;0%200%20280%20425&#39;%2F%3E\" data-src=\"https:\/\/inspectionsrodrigues.com\/fr\/wp-content\/uploads\/2018\/12\/joe-rodrigues-inspecteur-en-batiment.jpg\" data-srcset=\"https:\/\/inspectionsrodrigues.com\/fr\/wp-content\/uploads\/2018\/12\/joe-rodrigues-inspecteur-en-batiment.jpg 280w\" loading=\"eager\" sizes=\"(max-width: 280px) 100vw, 280px\" width=\"280\" height=\"425\"  data-dt-location=\"https:\/\/inspectionsrodrigues.com\/fr\/joe-rodrigues\/joe-rodrigues-inspecteur-en-batiment\/\" style=\"--ratio: 280 \/ 425;\" alt=\"\" \/><\/div><\/div><\/div>[\/vc_column][\/vc_row][vc_row css=&#8221;.vc_custom_1543848821074{padding-top: 50px !important;padding-bottom: 50px !important;}&#8221;][vc_column width=&#8221;2\/3&#8243;][vc_column_text]<blockquote class=\"text-big shortcode-blockquote\"><p>&#8220;Une inspection est inutile si le client ne comprend pas les r\u00e9sultats.\u201d<\/p>\n<\/blockquote><\/p>\n<p><strong>Joe Rodrigues<\/strong>\u00a0&#8211; Inspecteur de domiciles \u00e0 Montr\u00e9al[\/vc_column_text][\/vc_column][vc_column width=&#8221;1\/3&#8243;]<div class=\"aio-icon-component  vc_custom_1544019766980   style_1\"><a class=\"aio-icon-box-link\" href=\"https:\/\/www.homeinspector.org\/HomeInspectors\/Find\/Details\/7145HJ\/Kirkland\/PQ\/Inspections-Joe-Rodrigues-Inc\" target=\"_blank\" rel=\"noopener\" ><div id=\"Info-box-wrap-2641\" class=\"aio-icon-box default-icon\" style=\"\"  ><div class=\"aio-icon-default\"><div class=\"ult-just-icon-wrapper  \"><div class=\"align-icon\" style=\"text-align:center;\">\n<div class=\"aio-icon none \"  style=\"color:#333;font-size:24px;display:inline-block;\">\n\t<i class=\"Defaults-check-square\"><\/i>\n<\/div><\/div><\/div><\/div><div class=\"aio-icon-header\" ><h3 class=\"aio-icon-title ult-responsive\"  data-ultimate-target='#Info-box-wrap-2641 .aio-icon-title'  data-responsive-json-new='{\"font-size\":\"\",\"line-height\":\"\"}'  style=\"\">Inspecteur Canadien Certifi\u00e9<\/h3><\/div> <!-- header --><\/div> <!-- aio-icon-box --><\/a><\/div> <!-- aio-icon-component --><div class=\"aio-icon-component  vc_custom_1543847469131   style_1\"><a class=\"aio-icon-box-link\" href=\"tel:5146306352\" target=\"_blank\" rel=\"noopener\" ><div id=\"Info-box-wrap-1752\" class=\"aio-icon-box default-icon\" style=\"\"  ><div class=\"aio-icon-default\"><div class=\"ult-just-icon-wrapper  \"><div class=\"align-icon\" style=\"text-align:center;\">\n<div class=\"aio-icon none \"  style=\"color:#333;font-size:24px;display:inline-block;\">\n\t<i class=\"Defaults-phone-square\"><\/i>\n<\/div><\/div><\/div><\/div><div class=\"aio-icon-header\" ><h3 class=\"aio-icon-title ult-responsive\"  data-ultimate-target='#Info-box-wrap-1752 .aio-icon-title'  data-responsive-json-new='{\"font-size\":\"\",\"line-height\":\"\"}'  style=\"\">(514) 630-6352<\/h3><\/div> <!-- header --><\/div> <!-- aio-icon-box --><\/a><\/div> <!-- aio-icon-component --><div class=\"aio-icon-component  vc_custom_1543847479411   style_1\"><a class=\"aio-icon-box-link\" href=\"mailto:info@inspectionsrodrigues.com\" target=\"_blank\" rel=\"noopener\" ><div id=\"Info-box-wrap-7746\" class=\"aio-icon-box default-icon\" style=\"\"  ><div class=\"aio-icon-default\"><div class=\"ult-just-icon-wrapper  \"><div class=\"align-icon\" style=\"text-align:center;\">\n<div class=\"aio-icon none \"  style=\"color:#333;font-size:24px;display:inline-block;\">\n\t<i class=\"Defaults-envelope\"><\/i>\n<\/div><\/div><\/div><\/div><div class=\"aio-icon-header\" ><h3 class=\"aio-icon-title ult-responsive\"  data-ultimate-target='#Info-box-wrap-7746 .aio-icon-title'  data-responsive-json-new='{\"font-size\":\"\",\"line-height\":\"\"}'  style=\"\">info@inspectionsrodrigues.com<\/h3><\/div> <!-- header --><\/div> <!-- aio-icon-box --><\/a><\/div> <!-- aio-icon-component -->[\/vc_column][\/vc_row][vc_row bg_type=&#8221;image&#8221; parallax_style=&#8221;vcpb-vz-jquery&#8221; bg_image_new=&#8221;id^1068|url^https:\/\/inspectionsrodrigues.com\/wordpress\/wp-content\/uploads\/2018\/11\/Home-Inspection-Report-min.jpg|caption^null|alt^null|title^Home-Inspection-Report-min|description^null&#8221; bg_image_repeat=&#8221;no-repeat&#8221; bg_override=&#8221;ex-full&#8221; enable_overlay=&#8221;enable_overlay_value&#8221; overlay_color=&#8221;rgba(0,0,0,0.6)&#8221; type=&#8221;vc_default&#8221; css=&#8221;.vc_custom_1543847675567{padding-top: 70px !important;padding-bottom: 80px !important;}&#8221;][vc_column width=&#8221;2\/3&#8243;]<div id=\"ultimate-heading-798969ece10066c4d\" class=\"uvc-heading ult-adjust-bottom-margin ultimate-heading-798969ece10066c4d uvc-3636 \" data-hspacer=\"no_spacer\"  data-halign=\"left\" style=\"text-align:left\"><div class=\"uvc-heading-spacer no_spacer\" style=\"top\"><\/div><div class=\"uvc-main-heading ult-responsive\"  data-ultimate-target='.uvc-heading.ultimate-heading-798969ece10066c4d h2'  data-responsive-json-new='{\"font-size\":\"desktop:32px;\",\"line-height\":\"desktop:42px;\"}' ><h2 style=\"font-weight:bold;color:#ffffff;margin-bottom:20px;\">Rapport d\u2019inspection domiciliaire<\/h2><\/div><div class=\"uvc-sub-heading ult-responsive\"  data-ultimate-target='.uvc-heading.ultimate-heading-798969ece10066c4d .uvc-sub-heading '  data-responsive-json-new='{\"font-size\":\"desktop:18px;\",\"line-height\":\"desktop:30px;\"}'  style=\"font-weight:normal;color:#ffffff;margin-bottom:30px;\">Nous voulons que vous soyez pr\u00e9sent afin que nous puissions vous remettre un rapport \u00e9crit et vous offrir un examen verbal et visuel \u00e0 la fin de l\u2019inspection. Le fait de simplement lire \u00e0 propos des probl\u00e8mes ne v\u00e9hicule pas correctement la gravit\u00e9 et les implications de ce que nous avons identifi\u00e9.<\/div><\/div><style type=\"text\/css\" data-type=\"the7_shortcodes-inline-css\">#default-btn-a88f185d628cf1e1b5b1ac9305d7788a.ico-right-side > i {\n  margin-right: 0px;\n  margin-left: 8px;\n}\n#default-btn-a88f185d628cf1e1b5b1ac9305d7788a > i {\n  margin-right: 8px;\n}<\/style><a href=\"https:\/\/inspectionsrodrigues.com\/fr\/rapport-d-inspection.pdf\" class=\"default-btn-shortcode dt-btn dt-btn-m link-hover-off btn-inline-left \" target=\"_blank\" id=\"default-btn-a88f185d628cf1e1b5b1ac9305d7788a\" rel=\"noopener\"><span>Voir un exemple de rapport<\/span><\/a>[\/vc_column][\/vc_row]<\/p>\n<\/div>","protected":false},"excerpt":{"rendered":"<p>[vc_row][vc_column width=&#8221;2\/3&#8243;][vc_column_text css=&#8221;.vc_custom_1544527350820{padding-bottom: 30px !important;}&#8221;]La carri\u00e8re de M. Rodrigues en tant qu\u2019inspecteur a d\u00e9but\u00e9 en 1979 avec l\u2019obtention de son dipl\u00f4me d\u2019ing\u00e9nieur civil et en technique de construction. Quelques ann\u00e9es plus tard, en 1987, il a fond\u00e9 la compagnie Rodrigues Inspections et, depuis lors, a touch\u00e9 \u00e0 tous les aspects de l\u2019inspection domiciliaire, quels que&hellip;<\/p>\n","protected":false},"author":1,"featured_media":0,"parent":0,"menu_order":1,"comment_status":"closed","ping_status":"closed","template":"","meta":{"footnotes":""},"class_list":["post-1169","page","type-page","status-publish","hentry","description-off"],"_links":{"self":[{"href":"https:\/\/inspectionsrodrigues.com\/fr\/wp-json\/wp\/v2\/pages\/1169","targetHints":{"allow":["GET"]}}],"collection":[{"href":"https:\/\/inspectionsrodrigues.com\/fr\/wp-json\/wp\/v2\/pages"}],"about":[{"href":"https:\/\/inspectionsrodrigues.com\/fr\/wp-json\/wp\/v2\/types\/page"}],"author":[{"embeddable":true,"href":"https:\/\/inspectionsrodrigues.com\/fr\/wp-json\/wp\/v2\/users\/1"}],"replies":[{"embeddable":true,"href":"https:\/\/inspectionsrodrigues.com\/fr\/wp-json\/wp\/v2\/comments?post=1169"}],"version-history":[{"count":0,"href":"https:\/\/inspectionsrodrigues.com\/fr\/wp-json\/wp\/v2\/pages\/1169\/revisions"}],"wp:attachment":[{"href":"https:\/\/inspectionsrodrigues.com\/fr\/wp-json\/wp\/v2\/media?parent=1169"}],"curies":[{"name":"wp","href":"https:\/\/api.w.org\/{rel}","templated":true}]}}